{"id":719,"date":"2021-03-21T19:48:21","date_gmt":"2021-03-21T17:48:21","guid":{"rendered":"https:\/\/sand.bumbierkoks.eu\/painting\/"},"modified":"2024-01-14T12:36:49","modified_gmt":"2024-01-14T10:36:49","slug":"painting","status":"publish","type":"page","link":"https:\/\/sandblasting.lv\/en\/painting\/","title":{"rendered":"PAINTING"},"content":{"rendered":"\n<style type=\"text\/css\" data-created_by=\"avia_inline_auto\" id=\"style-css-av-kmj4xd3x-475ef25a4d04a0bce4dfa3aae08753b1\">\n.avia-section.av-kmj4xd3x-475ef25a4d04a0bce4dfa3aae08753b1 .av-parallax .av-parallax-inner{\nbackground-repeat:no-repeat;\nbackground-image:url(https:\/\/sandblasting.lv\/wp-content\/uploads\/2024\/01\/WhatsApp-Image-2024-01-14-at-10.26.59-1-300x225.jpeg);\nbackground-position:50% 50%;\nbackground-attachment:scroll;\n}\n<\/style>\n<div id='av_section_1'  class='avia-section av-kmj4xd3x-475ef25a4d04a0bce4dfa3aae08753b1 header_color avia-section-default avia-no-border-styling  avia-builder-el-0  el_before_av_heading  avia-builder-el-first  avia-full-stretch av-parallax-section avia-bg-style-parallax av-minimum-height av-minimum-height-25 av-height-25  container_wrap fullsize'  data-section-bg-repeat='stretch' data-av_minimum_height_pc='25' data-av_min_height_opt='25'><div class='av-parallax' data-avia-parallax-ratio='0.3' ><div class='av-parallax-inner header_color avia-full-stretch'><\/div><\/div><div class='container av-section-cont-open' ><main  role=\"main\" itemprop=\"mainContentOfPage\"  class='template-page content  av-content-full alpha units'><div class='post-entry post-entry-type-page post-entry-719'><div class='entry-content-wrapper clearfix'>\n\n<style type=\"text\/css\" data-created_by=\"avia_inline_auto\" id=\"style-css-av-kmj65m8a-17114b5d3a03372695dd18f989cadaf4\">\n#top .av-special-heading.av-kmj65m8a-17114b5d3a03372695dd18f989cadaf4{\npadding-bottom:10px;\nfont-size:60px;\n}\nbody .av-special-heading.av-kmj65m8a-17114b5d3a03372695dd18f989cadaf4 .av-special-heading-tag .heading-char{\nfont-size:25px;\n}\n#top #wrap_all .av-special-heading.av-kmj65m8a-17114b5d3a03372695dd18f989cadaf4 .av-special-heading-tag{\nfont-size:60px;\n}\n.av-special-heading.av-kmj65m8a-17114b5d3a03372695dd18f989cadaf4 .av-subheading{\nfont-size:15px;\n}\n\n@media only screen and (min-width: 480px) and (max-width: 767px){ \n#top #wrap_all .av-special-heading.av-kmj65m8a-17114b5d3a03372695dd18f989cadaf4 .av-special-heading-tag{\nfont-size:0.8em;\n}\n}\n\n@media only screen and (max-width: 479px){ \n#top #wrap_all .av-special-heading.av-kmj65m8a-17114b5d3a03372695dd18f989cadaf4 .av-special-heading-tag{\nfont-size:0.8em;\n}\n}\n<\/style>\n<div  class='av-special-heading av-kmj65m8a-17114b5d3a03372695dd18f989cadaf4 av-special-heading-h1 blockquote modern-quote modern-centered  avia-builder-el-1  avia-builder-el-no-sibling  av-inherit-size'><h1 class='av-special-heading-tag '  itemprop=\"headline\"  >INDUSTRI\u0100L\u0100 KR\u0100SO\u0160ANA<\/h1><div class=\"special-heading-border\"><div class=\"special-heading-inner-border\"><\/div><\/div><\/div>\n<\/div><\/div><\/main><!-- close content main element --><\/div><\/div><div id='after_section_1'  class='main_color av_default_container_wrap container_wrap fullsize'  ><div class='container av-section-cont-open' ><div class='template-page content  av-content-full alpha units'><div class='post-entry post-entry-type-page post-entry-719'><div class='entry-content-wrapper clearfix'>\n\n<style type=\"text\/css\" data-created_by=\"avia_inline_auto\" id=\"style-css-av-166eg-222bb91ea5baa229ce4d5550e4c92ac7\">\n#top .av-special-heading.av-166eg-222bb91ea5baa229ce4d5550e4c92ac7{\npadding-bottom:10px;\n}\nbody .av-special-heading.av-166eg-222bb91ea5baa229ce4d5550e4c92ac7 .av-special-heading-tag .heading-char{\nfont-size:25px;\n}\n.av-special-heading.av-166eg-222bb91ea5baa229ce4d5550e4c92ac7 .av-subheading{\nfont-size:15px;\n}\n<\/style>\n<div  class='av-special-heading av-166eg-222bb91ea5baa229ce4d5550e4c92ac7 av-special-heading-h2 blockquote modern-quote  avia-builder-el-2  el_after_av_section  el_before_av_hr  avia-builder-el-first '><h2 class='av-special-heading-tag '  itemprop=\"headline\"  >Ar Industri\u0101lo kr\u0101so\u0161anu nodarbojamies jau kop\u0161 2018. gada.<\/h2><div class='av-subheading av-subheading_below'><p>M\u0113s pied\u0101v\u0101jam industri\u0101l\u0101s kra\u0161o\u0161anas pakalpojumus, ar visnotur\u012bg\u0101kaj\u0101m grunts epoks\u012bda un poliuret\u0101na divkompunentu kr\u0101s\u0101m, k\u0101 ar\u012b izmantojam jeb kuras citas kr\u0101sas p\u0113c klienta piepras\u012bjuma.<\/p>\n<p>Str\u0101d\u0101jam ar GRACO bezgaisa pneimatisko sist\u0113mu kas tiek izmantota ku\u0123u b\u016bv\u0113tav\u0101s, jeb citiem v\u0101rdiem, \u0161\u012b ir visjaud\u012bg\u0101k\u0101 kr\u0101so\u0161anas iek\u0101rta k\u0101da ir. Darbu varam veikt ar vair\u0101kiem kr\u0101sot\u0101jiem vienlaic\u012bgi, kas iev\u0113rojami pa\u0101trina jau t\u0101 \u0101tro darba procesu.<\/p>\n<p>Viskvalitat\u012bv\u0101ko kr\u0101sas p\u0101rkl\u0101jumu var ieg\u016bt tie\u0161i ar izsmidzin\u0101\u0161anas metodi, jo tad kr\u0101sa uzkl\u0101jas visvienm\u0113r\u012bg\u0101k, neatst\u0101jot nek\u0101das rull\u012b\u0161a\/otas p\u0113das vai k\u0101dus citus defektus, k\u0101 ar\u012b kr\u0101sojot ar izsmidzin\u0101\u0161anas metodi var ieg\u016bt biez\u0101ku sl\u0101ni, ja t\u0101ds nepiecie\u0161ams.<\/p>\n<p>Protams ir svar\u012bgi atcer\u0113ties pien\u0101c\u012bgi sagatavot virsmu grunt\u0113\u0161anai, \u0161im m\u0113r\u0137im bie\u017ei izmanto smil\u0161u str\u016bklu, ar smil\u0161u str\u016bklu var piln\u012bb\u0101 likvid\u0113t koroziju vai no\u0146emtu veco kr\u0101su sl\u0101\u0146us, vai vienk\u0101r\u0161i uztais\u012btu abraz\u012bvu virsmu lab\u0101kai un ilgsp\u0113l\u0113jo\u0161\u0101kai kr\u0101sas notur\u012bbai, ar\u012b \u0161o pakalpjumu m\u0113s nodro\u0161in\u0101m ik dienas!<\/p>\n<p>Industri\u0101lo kr\u0101so\u0161anu bie\u017ei vien izmanto:<br \/>\n\u2022\tMet\u0101la konstrukciju kr\u0101so\u0161ana<br \/>\n\u2022\tCisternu kraso\u0161ana<br \/>\n\u2022\tKu\u0123u\/ku\u0123o\u0161anas l\u012bdzek\u013cu kraso\u0161ana<br \/>\n\u2022\tCauru\u013cu kr\u0101so\u0161ana<br \/>\n\u2022\tJ\u016bras konteineru kr\u0101so\u0161ana<br \/>\n\u2022\tKravas auto kr\u0101so\u0161ana<br \/>\n\u2022\tCelt\u0146u kr\u0101so\u0161ana<br \/>\n\u2022\tTelferu kr\u0101so\u0161ana<br \/>\n\u2022\tDzelzce\u013ca vagonu kr\u0101so\u0161ana<br \/>\n\u2022\tVirsmas aizsargsl\u0101\u0146a uzkl\u0101\u0161ana<br \/>\n\u2022\tJumtu kr\u0101so\u0161ana<br \/>\n\u2022\tFas\u0101des kr\u0101so\u0161ana<br \/>\n\u2022\tBetona virsmas kr\u0101so\u0161ana<br \/>\n\u2022\tUn daudz kur citur.<\/p>\n<\/div><div class=\"special-heading-border\"><div class=\"special-heading-inner-border\"><\/div><\/div><\/div>\n<div class='flex_column_table av-12er4-056c08997741b04b7244af81822aa153 sc-av_three_fifth av-equal-height-column-flextable'>\n<style type=\"text\/css\" data-created_by=\"avia_inline_auto\" id=\"style-css-av-12er4-056c08997741b04b7244af81822aa153\">\n#top .flex_column_table.av-equal-height-column-flextable.av-12er4-056c08997741b04b7244af81822aa153{\nmargin-top:0px;\nmargin-bottom:0px;\n}\n.flex_column.av-12er4-056c08997741b04b7244af81822aa153{\nborder-radius:0px 0px 0px 0px;\npadding:350px 0px 0px 0px;\nbackground:url(https:\/\/sandblasting.lv\/wp-content\/uploads\/2024\/01\/WhatsApp-Image-2024-01-14-at-10.27.00-1-225x300.jpeg) 50% 50% no-repeat scroll ;\n}\n<\/style>\n<div  class='flex_column av-12er4-056c08997741b04b7244af81822aa153 av_three_fifth first no_margin flex_column_table_cell av-equal-height-column av-align-middle avia-full-stretch  '     ><\/div><\/div><!--close column table wrapper. Autoclose: 1 -->\n\n<style type=\"text\/css\" data-created_by=\"avia_inline_auto\" id=\"style-css-av-kmj5hivz-c9943c85740c88fe5171e77300e4f16e\">\n#top .hr.hr-invisible.av-kmj5hivz-c9943c85740c88fe5171e77300e4f16e{\nheight:80px;\n}\n<\/style>\n<div  class='hr av-kmj5hivz-c9943c85740c88fe5171e77300e4f16e hr-invisible  avia-builder-el-3  el_after_av_heading  el_before_av_one_half '><span class='hr-inner '><span class=\"hr-inner-style\"><\/span><\/span><\/div>\n\n<style type=\"text\/css\" data-created_by=\"avia_inline_auto\" id=\"style-css-av-1fknj-9e6d49e4f31a3a4be07a80b4fc86e43f\">\n.flex_column.av-1fknj-9e6d49e4f31a3a4be07a80b4fc86e43f{\nborder-radius:0px 0px 0px 0px;\npadding:30px 30px 30px 30px;\n}\n<\/style>\n<div  class='flex_column av-1fknj-9e6d49e4f31a3a4be07a80b4fc86e43f av_one_half  avia-builder-el-4  el_after_av_hr  el_before_av_one_half  first flex_column_div  '     ><p>\n<style type=\"text\/css\" data-created_by=\"avia_inline_auto\" id=\"style-css-av-kmj675sx-c0115bc2b082aeea69a1882e042dba6f\">\n#top .av-special-heading.av-kmj675sx-c0115bc2b082aeea69a1882e042dba6f{\npadding-bottom:10px;\n}\nbody .av-special-heading.av-kmj675sx-c0115bc2b082aeea69a1882e042dba6f .av-special-heading-tag .heading-char{\nfont-size:25px;\n}\n.av-special-heading.av-kmj675sx-c0115bc2b082aeea69a1882e042dba6f .av-subheading{\nfont-size:15px;\n}\n<\/style>\n<div  class='av-special-heading av-kmj675sx-c0115bc2b082aeea69a1882e042dba6f av-special-heading-h2 blockquote modern-quote'><h2 class='av-special-heading-tag '  itemprop=\"headline\"  >Painting of different surfaces<\/h2><div class=\"special-heading-border\"><div class=\"special-heading-inner-border\"><\/div><\/div><\/div><br \/>\n\n<style type=\"text\/css\" data-created_by=\"avia_inline_auto\" id=\"style-css-av-rw3v-d127a7cd0cdbb37e7a40e01f9cfc418b\">\n#top .hr.hr-invisible.av-rw3v-d127a7cd0cdbb37e7a40e01f9cfc418b{\nheight:20px;\n}\n<\/style>\n<div  class='hr av-rw3v-d127a7cd0cdbb37e7a40e01f9cfc418b hr-invisible'><span class='hr-inner '><span class=\"hr-inner-style\"><\/span><\/span><\/div><br \/>\n<div  class='avia-button-wrap av-kmj56dl8-320e979fcfdec30583c5cb1bd8c55941-wrap avia-button-left '><a href='https:\/\/sandblasting.lv\/en\/contacts\/'  class='avia-button av-kmj56dl8-320e979fcfdec30583c5cb1bd8c55941 av-link-btn avia-icon_select-no avia-size-large avia-position-left avia-color-theme-color'   aria-label=\"Get in touch!\"><span class='avia_iconbox_title' >Get in touch!<\/span><\/a><\/div><\/p><\/div>\n\n<style type=\"text\/css\" data-created_by=\"avia_inline_auto\" id=\"style-css-av-1fknj-7-e7c82e79e57d97eeeaea3a7a2cbf5c66\">\n.flex_column.av-1fknj-7-e7c82e79e57d97eeeaea3a7a2cbf5c66{\nborder-radius:0px 0px 0px 0px;\npadding:30px 30px 30px 30px;\n}\n<\/style>\n<div  class='flex_column av-1fknj-7-e7c82e79e57d97eeeaea3a7a2cbf5c66 av_one_half  avia-builder-el-5  el_after_av_one_half  el_before_av_one_half  flex_column_div  '     ><p>\n<style type=\"text\/css\" data-created_by=\"avia_inline_auto\" id=\"style-css-av-kmj67tnz-d59ddafe394ca45cba1896d32649fc01\">\n#top .av-special-heading.av-kmj67tnz-d59ddafe394ca45cba1896d32649fc01{\npadding-bottom:10px;\n}\nbody .av-special-heading.av-kmj67tnz-d59ddafe394ca45cba1896d32649fc01 .av-special-heading-tag .heading-char{\nfont-size:25px;\n}\n.av-special-heading.av-kmj67tnz-d59ddafe394ca45cba1896d32649fc01 .av-subheading{\nfont-size:15px;\n}\n<\/style>\n<div  class='av-special-heading av-kmj67tnz-d59ddafe394ca45cba1896d32649fc01 av-special-heading-h2 blockquote modern-quote modern-right  avia-builder-el-6  el_before_av_hr  avia-builder-el-first '><h2 class='av-special-heading-tag '  itemprop=\"headline\"  >Surface treatment with protective agents<\/h2><div class=\"special-heading-border\"><div class=\"special-heading-inner-border\"><\/div><\/div><\/div><br \/>\n\n<style type=\"text\/css\" data-created_by=\"avia_inline_auto\" id=\"style-css-av-rw3v-6-46e1061f0bf9dca4be06b827b283cd8c\">\n#top .hr.hr-invisible.av-rw3v-6-46e1061f0bf9dca4be06b827b283cd8c{\nheight:20px;\n}\n<\/style>\n<div  class='hr av-rw3v-6-46e1061f0bf9dca4be06b827b283cd8c hr-invisible  avia-builder-el-7  el_after_av_heading  el_before_av_button '><span class='hr-inner '><span class=\"hr-inner-style\"><\/span><\/span><\/div><br \/>\n<div  class='avia-button-wrap av-kmj56dl8-5-b4915d6e5703f23cea26fd5dcffea281-wrap avia-button-right  avia-builder-el-8  el_after_av_hr  avia-builder-el-last '><a href='https:\/\/sandblasting.lv\/en\/contacts\/'  class='avia-button av-kmj56dl8-5-b4915d6e5703f23cea26fd5dcffea281 av-link-btn avia-icon_select-no avia-size-large avia-position-right avia-color-theme-color'   aria-label=\"Get in touch!\"><span class='avia_iconbox_title' >Get in touch!<\/span><\/a><\/div><\/p><\/div>\n","protected":false},"excerpt":{"rendered":"","protected":false},"author":1,"featured_media":1542,"parent":0,"menu_order":2,"comment_status":"closed","ping_status":"closed","template":"","meta":{"footnotes":""},"class_list":["post-719","page","type-page","status-publish","has-post-thumbnail","hentry"],"yoast_head":"<!-- This site is optimized with the Yoast SEO plugin v26.7 - https:\/\/yoast.com\/wordpress\/plugins\/seo\/ -->\n<title>PAINTING - Sandblasting and various surface cleaning, facade, parts, furniture, car cleaning.<\/title>\n<meta name=\"description\" content=\"We provide a professional painting service. This is a great way for old buildings to regain their original look and charm!\" \/>\n<meta name=\"robots\" content=\"index, follow, max-snippet:-1, max-image-preview:large, max-video-preview:-1\" \/>\n<link rel=\"canonical\" href=\"https:\/\/sandblasting.lv\/en\/painting\/\" \/>\n<meta property=\"og:locale\" content=\"en_US\" \/>\n<meta property=\"og:type\" content=\"article\" \/>\n<meta property=\"og:title\" content=\"PAINTING - Sandblasting and various surface cleaning, facade, parts, furniture, car cleaning.\" \/>\n<meta property=\"og:description\" content=\"We provide a professional painting service. This is a great way for old buildings to regain their original look and charm!\" \/>\n<meta property=\"og:url\" content=\"https:\/\/sandblasting.lv\/en\/painting\/\" \/>\n<meta property=\"og:site_name\" content=\"Sandblasting and various surface cleaning, facade, parts, furniture, car cleaning.\" \/>\n<meta property=\"article:publisher\" content=\"https:\/\/facebook.com\/sandblasting.lv\" \/>\n<meta property=\"article:modified_time\" content=\"2024-01-14T10:36:49+00:00\" \/>\n<meta property=\"og:image\" content=\"https:\/\/sandblasting.lv\/wp-content\/uploads\/2024\/01\/WhatsApp-Image-2024-01-14-at-10.26.58-2.jpeg\" \/>\n\t<meta property=\"og:image:width\" content=\"1368\" \/>\n\t<meta property=\"og:image:height\" content=\"1824\" \/>\n\t<meta property=\"og:image:type\" content=\"image\/jpeg\" \/>\n<meta name=\"twitter:card\" content=\"summary_large_image\" \/>\n<meta name=\"twitter:label1\" content=\"Est. reading time\" \/>\n\t<meta name=\"twitter:data1\" content=\"11 minutes\" \/>\n<script type=\"application\/ld+json\" class=\"yoast-schema-graph\">{\"@context\":\"https:\/\/schema.org\",\"@graph\":[{\"@type\":\"WebPage\",\"@id\":\"https:\/\/sandblasting.lv\/en\/painting\/\",\"url\":\"https:\/\/sandblasting.lv\/en\/painting\/\",\"name\":\"PAINTING - Sandblasting and various surface cleaning, facade, parts, furniture, car cleaning.\",\"isPartOf\":{\"@id\":\"https:\/\/sandblasting.lv\/en\/#website\"},\"primaryImageOfPage\":{\"@id\":\"https:\/\/sandblasting.lv\/en\/painting\/#primaryimage\"},\"image\":{\"@id\":\"https:\/\/sandblasting.lv\/en\/painting\/#primaryimage\"},\"thumbnailUrl\":\"https:\/\/sandblasting.lv\/wp-content\/uploads\/2024\/01\/WhatsApp-Image-2024-01-14-at-10.26.58-2.jpeg\",\"datePublished\":\"2021-03-21T17:48:21+00:00\",\"dateModified\":\"2024-01-14T10:36:49+00:00\",\"description\":\"We provide a professional painting service. This is a great way for old buildings to regain their original look and charm!\",\"breadcrumb\":{\"@id\":\"https:\/\/sandblasting.lv\/en\/painting\/#breadcrumb\"},\"inLanguage\":\"en-US\",\"potentialAction\":[{\"@type\":\"ReadAction\",\"target\":[\"https:\/\/sandblasting.lv\/en\/painting\/\"]}]},{\"@type\":\"ImageObject\",\"inLanguage\":\"en-US\",\"@id\":\"https:\/\/sandblasting.lv\/en\/painting\/#primaryimage\",\"url\":\"https:\/\/sandblasting.lv\/wp-content\/uploads\/2024\/01\/WhatsApp-Image-2024-01-14-at-10.26.58-2.jpeg\",\"contentUrl\":\"https:\/\/sandblasting.lv\/wp-content\/uploads\/2024\/01\/WhatsApp-Image-2024-01-14-at-10.26.58-2.jpeg\",\"width\":1368,\"height\":1824,\"caption\":\"augstspiediena bezgaisa kr\u0101so\u0161ana\"},{\"@type\":\"BreadcrumbList\",\"@id\":\"https:\/\/sandblasting.lv\/en\/painting\/#breadcrumb\",\"itemListElement\":[{\"@type\":\"ListItem\",\"position\":1,\"name\":\"Home\",\"item\":\"https:\/\/sandblasting.lv\/en\/\"},{\"@type\":\"ListItem\",\"position\":2,\"name\":\"PAINTING\"}]},{\"@type\":\"WebSite\",\"@id\":\"https:\/\/sandblasting.lv\/en\/#website\",\"url\":\"https:\/\/sandblasting.lv\/en\/\",\"name\":\"sandblasting.lv \u2013 smil\u0161u str\u016bkla\",\"description\":\"Sandblasting\",\"publisher\":{\"@id\":\"https:\/\/sandblasting.lv\/en\/#organization\"},\"potentialAction\":[{\"@type\":\"SearchAction\",\"target\":{\"@type\":\"EntryPoint\",\"urlTemplate\":\"https:\/\/sandblasting.lv\/en\/?s={search_term_string}\"},\"query-input\":{\"@type\":\"PropertyValueSpecification\",\"valueRequired\":true,\"valueName\":\"search_term_string\"}}],\"inLanguage\":\"en-US\"},{\"@type\":\"Organization\",\"@id\":\"https:\/\/sandblasting.lv\/en\/#organization\",\"name\":\"SandBlasting\",\"url\":\"https:\/\/sandblasting.lv\/en\/\",\"logo\":{\"@type\":\"ImageObject\",\"inLanguage\":\"en-US\",\"@id\":\"https:\/\/sandblasting.lv\/en\/#\/schema\/logo\/image\/\",\"url\":\"https:\/\/sandblasting.lv\/wp-content\/uploads\/2021\/03\/Sandblasting-5-3d546d0f.png\",\"contentUrl\":\"https:\/\/sandblasting.lv\/wp-content\/uploads\/2021\/03\/Sandblasting-5-3d546d0f.png\",\"width\":499,\"height\":181,\"caption\":\"SandBlasting\"},\"image\":{\"@id\":\"https:\/\/sandblasting.lv\/en\/#\/schema\/logo\/image\/\"},\"sameAs\":[\"https:\/\/facebook.com\/sandblasting.lv\",\"https:\/\/instagram.com\/sandblasting.lv\/\",\"https:\/\/www.youtube.com\/channel\/UCyuUJFtfIUolXlxM7LirhxA\"]}]}<\/script>\n<!-- \/ Yoast SEO plugin. -->","yoast_head_json":{"title":"PAINTING - Sandblasting and various surface cleaning, facade, parts, furniture, car cleaning.","description":"We provide a professional painting service. This is a great way for old buildings to regain their original look and charm!","robots":{"index":"index","follow":"follow","max-snippet":"max-snippet:-1","max-image-preview":"max-image-preview:large","max-video-preview":"max-video-preview:-1"},"canonical":"https:\/\/sandblasting.lv\/en\/painting\/","og_locale":"en_US","og_type":"article","og_title":"PAINTING - Sandblasting and various surface cleaning, facade, parts, furniture, car cleaning.","og_description":"We provide a professional painting service. This is a great way for old buildings to regain their original look and charm!","og_url":"https:\/\/sandblasting.lv\/en\/painting\/","og_site_name":"Sandblasting and various surface cleaning, facade, parts, furniture, car cleaning.","article_publisher":"https:\/\/facebook.com\/sandblasting.lv","article_modified_time":"2024-01-14T10:36:49+00:00","og_image":[{"width":1368,"height":1824,"url":"https:\/\/sandblasting.lv\/wp-content\/uploads\/2024\/01\/WhatsApp-Image-2024-01-14-at-10.26.58-2.jpeg","type":"image\/jpeg"}],"twitter_card":"summary_large_image","twitter_misc":{"Est. reading time":"11 minutes"},"schema":{"@context":"https:\/\/schema.org","@graph":[{"@type":"WebPage","@id":"https:\/\/sandblasting.lv\/en\/painting\/","url":"https:\/\/sandblasting.lv\/en\/painting\/","name":"PAINTING - Sandblasting and various surface cleaning, facade, parts, furniture, car cleaning.","isPartOf":{"@id":"https:\/\/sandblasting.lv\/en\/#website"},"primaryImageOfPage":{"@id":"https:\/\/sandblasting.lv\/en\/painting\/#primaryimage"},"image":{"@id":"https:\/\/sandblasting.lv\/en\/painting\/#primaryimage"},"thumbnailUrl":"https:\/\/sandblasting.lv\/wp-content\/uploads\/2024\/01\/WhatsApp-Image-2024-01-14-at-10.26.58-2.jpeg","datePublished":"2021-03-21T17:48:21+00:00","dateModified":"2024-01-14T10:36:49+00:00","description":"We provide a professional painting service. This is a great way for old buildings to regain their original look and charm!","breadcrumb":{"@id":"https:\/\/sandblasting.lv\/en\/painting\/#breadcrumb"},"inLanguage":"en-US","potentialAction":[{"@type":"ReadAction","target":["https:\/\/sandblasting.lv\/en\/painting\/"]}]},{"@type":"ImageObject","inLanguage":"en-US","@id":"https:\/\/sandblasting.lv\/en\/painting\/#primaryimage","url":"https:\/\/sandblasting.lv\/wp-content\/uploads\/2024\/01\/WhatsApp-Image-2024-01-14-at-10.26.58-2.jpeg","contentUrl":"https:\/\/sandblasting.lv\/wp-content\/uploads\/2024\/01\/WhatsApp-Image-2024-01-14-at-10.26.58-2.jpeg","width":1368,"height":1824,"caption":"augstspiediena bezgaisa kr\u0101so\u0161ana"},{"@type":"BreadcrumbList","@id":"https:\/\/sandblasting.lv\/en\/painting\/#breadcrumb","itemListElement":[{"@type":"ListItem","position":1,"name":"Home","item":"https:\/\/sandblasting.lv\/en\/"},{"@type":"ListItem","position":2,"name":"PAINTING"}]},{"@type":"WebSite","@id":"https:\/\/sandblasting.lv\/en\/#website","url":"https:\/\/sandblasting.lv\/en\/","name":"sandblasting.lv \u2013 smil\u0161u str\u016bkla","description":"Sandblasting","publisher":{"@id":"https:\/\/sandblasting.lv\/en\/#organization"},"potentialAction":[{"@type":"SearchAction","target":{"@type":"EntryPoint","urlTemplate":"https:\/\/sandblasting.lv\/en\/?s={search_term_string}"},"query-input":{"@type":"PropertyValueSpecification","valueRequired":true,"valueName":"search_term_string"}}],"inLanguage":"en-US"},{"@type":"Organization","@id":"https:\/\/sandblasting.lv\/en\/#organization","name":"SandBlasting","url":"https:\/\/sandblasting.lv\/en\/","logo":{"@type":"ImageObject","inLanguage":"en-US","@id":"https:\/\/sandblasting.lv\/en\/#\/schema\/logo\/image\/","url":"https:\/\/sandblasting.lv\/wp-content\/uploads\/2021\/03\/Sandblasting-5-3d546d0f.png","contentUrl":"https:\/\/sandblasting.lv\/wp-content\/uploads\/2021\/03\/Sandblasting-5-3d546d0f.png","width":499,"height":181,"caption":"SandBlasting"},"image":{"@id":"https:\/\/sandblasting.lv\/en\/#\/schema\/logo\/image\/"},"sameAs":["https:\/\/facebook.com\/sandblasting.lv","https:\/\/instagram.com\/sandblasting.lv\/","https:\/\/www.youtube.com\/channel\/UCyuUJFtfIUolXlxM7LirhxA"]}]}},"_links":{"self":[{"href":"https:\/\/sandblasting.lv\/en\/wp-json\/wp\/v2\/pages\/719","targetHints":{"allow":["GET"]}}],"collection":[{"href":"https:\/\/sandblasting.lv\/en\/wp-json\/wp\/v2\/pages"}],"about":[{"href":"https:\/\/sandblasting.lv\/en\/wp-json\/wp\/v2\/types\/page"}],"author":[{"embeddable":true,"href":"https:\/\/sandblasting.lv\/en\/wp-json\/wp\/v2\/users\/1"}],"replies":[{"embeddable":true,"href":"https:\/\/sandblasting.lv\/en\/wp-json\/wp\/v2\/comments?post=719"}],"version-history":[{"count":5,"href":"https:\/\/sandblasting.lv\/en\/wp-json\/wp\/v2\/pages\/719\/revisions"}],"predecessor-version":[{"id":1537,"href":"https:\/\/sandblasting.lv\/en\/wp-json\/wp\/v2\/pages\/719\/revisions\/1537"}],"wp:featuredmedia":[{"embeddable":true,"href":"https:\/\/sandblasting.lv\/en\/wp-json\/wp\/v2\/media\/1542"}],"wp:attachment":[{"href":"https:\/\/sandblasting.lv\/en\/wp-json\/wp\/v2\/media?parent=719"}],"curies":[{"name":"wp","href":"https:\/\/api.w.org\/{rel}","templated":true}]}}