{"id":731,"date":"2021-03-21T19:54:25","date_gmt":"2021-03-21T17:54:25","guid":{"rendered":"https:\/\/sand.bumbierkoks.eu\/our-works\/"},"modified":"2025-01-13T12:14:56","modified_gmt":"2025-01-13T10:14:56","slug":"our-works","status":"publish","type":"page","link":"https:\/\/sandblasting.lv\/en\/our-works\/","title":{"rendered":"OUR WORKS"},"content":{"rendered":"<\/div><\/div><\/div><!-- close content main div --><\/div><\/div>\n<style type=\"text\/css\" data-created_by=\"avia_inline_auto\" id=\"style-css-av-ltfwexkx-73e7e9f4c9b63ed9944ab1244f9c0b2c\">\n.avia-section.av-ltfwexkx-73e7e9f4c9b63ed9944ab1244f9c0b2c{\nbackground-color:#6786a1;\nbackground-image:unset;\n}\n<\/style>\n<div id='av_section_1'  class='avia-section av-ltfwexkx-73e7e9f4c9b63ed9944ab1244f9c0b2c main_color avia-section-default avia-no-border-styling avia-bg-style-scroll container_wrap fullsize'  ><div class='container av-section-cont-open' ><div class='template-page content  av-content-full alpha units'><div class='post-entry post-entry-type-page post-entry-731'><div class='entry-content-wrapper clearfix'>\n\n<style type=\"text\/css\" data-created_by=\"avia_inline_auto\" id=\"style-css-av-ltfwe049-88ee775775dac0e76e2e0cb84cec9a5a\">\n#top .av-special-heading.av-ltfwe049-88ee775775dac0e76e2e0cb84cec9a5a{\npadding-bottom:10px;\ncolor:#ffffff;\n}\nbody .av-special-heading.av-ltfwe049-88ee775775dac0e76e2e0cb84cec9a5a .av-special-heading-tag .heading-char{\nfont-size:25px;\n}\n.av-special-heading.av-ltfwe049-88ee775775dac0e76e2e0cb84cec9a5a .special-heading-inner-border{\nborder-color:#ffffff;\n}\n.av-special-heading.av-ltfwe049-88ee775775dac0e76e2e0cb84cec9a5a .av-subheading{\nfont-size:15px;\n}\nbody .av-special-heading.av-ltfwe049-88ee775775dac0e76e2e0cb84cec9a5a .av-special-heading-tag .heading-wrap:before{\nborder-color:#ffffff;\n}\nbody .av-special-heading.av-ltfwe049-88ee775775dac0e76e2e0cb84cec9a5a .av-special-heading-tag .heading-wrap:after{\nborder-color:#ffffff;\n}\n<\/style>\n<div  class='av-special-heading av-ltfwe049-88ee775775dac0e76e2e0cb84cec9a5a av-special-heading-h1 custom-color-heading'><h1 class='av-special-heading-tag '  itemprop=\"headline\"  >SMIL\u0160U STR\u016aKLAS DARBI<\/h1><div class=\"special-heading-border\"><div class=\"special-heading-inner-border\"><\/div><\/div><\/div>\n<div id='av-layout-grid-1'  class='av-layout-grid-container av-u34d-dd5576303f1683debd53f418ea70b15c entry-content-wrapper header_color av-flex-cells av-break-at-tablet  avia-builder-el-0  el_before_av_layout_row  avia-builder-el-first  av-cell-min-height av-cell-min-height-50  container_wrap fullsize'   data-av_minimum_height_pc='50'>\n\n<style type=\"text\/css\" data-created_by=\"avia_inline_auto\" id=\"style-css-av-kmj6f2yk-53de703d3aed9beb86e819a266e6bab8\">\n.flex_cell.av-kmj6f2yk-53de703d3aed9beb86e819a266e6bab8{\nvertical-align:middle;\nbackground:url(https:\/\/sandblasting.lv\/wp-content\/uploads\/2021\/03\/3-6c22da76-b21a59f4-2880w-1030x1030.png) 50% 50% no-repeat scroll ;\n}\n.responsive #top #wrap_all .flex_cell.av-kmj6f2yk-53de703d3aed9beb86e819a266e6bab8{\npadding:90px 90px 90px 90px !important;\n}\n<\/style>\n<div class='flex_cell av-kmj6f2yk-53de703d3aed9beb86e819a266e6bab8 av-gridrow-cell av_one_half no_margin  avia-builder-el-1  el_before_av_cell_one_half  avia-builder-el-first  content-align-middle avia-full-stretch'  ><div class='flex_cell_inner'><p>\n<style type=\"text\/css\" data-created_by=\"avia_inline_auto\" id=\"style-css-av-1p1s5-5cf4f138895783a80272ec2974941efd\">\n.flex_column.av-1p1s5-5cf4f138895783a80272ec2974941efd{\nborder-radius:0px 0px 0px 0px;\npadding:0px 0px 0px 0px;\n}\n<\/style>\n<div  class='flex_column av-1p1s5-5cf4f138895783a80272ec2974941efd av_one_fourth  avia-builder-el-2  el_before_av_one_half  avia-builder-el-first  first flex_column_div av-zero-column-padding  '     ><\/div>\n<style type=\"text\/css\" data-created_by=\"avia_inline_auto\" id=\"style-css-av-kmj6kue4-cefa0596584e6e484c77b3ff94bd4edf\">\n.flex_column.av-kmj6kue4-cefa0596584e6e484c77b3ff94bd4edf{\nborder-width:5px;\nborder-color:#ffffff;\nborder-style:solid;\nborder-radius:0px 0px 0px 0px;\npadding:130px 30px 130px 30px;\n}\n<\/style>\n<div  class='flex_column av-kmj6kue4-cefa0596584e6e484c77b3ff94bd4edf av_one_half  avia-builder-el-3  el_after_av_one_fourth  avia-builder-el-last  flex_column_div  '     ><style type=\"text\/css\" data-created_by=\"avia_inline_auto\" id=\"style-css-av-zeh9-5b11eaf67ce76efbd4c8302fb5449799\">\n#top .av-special-heading.av-zeh9-5b11eaf67ce76efbd4c8302fb5449799{\npadding-bottom:10px;\nfont-size:40px;\n}\nbody .av-special-heading.av-zeh9-5b11eaf67ce76efbd4c8302fb5449799 .av-special-heading-tag .heading-char{\nfont-size:25px;\n}\n#top #wrap_all .av-special-heading.av-zeh9-5b11eaf67ce76efbd4c8302fb5449799 .av-special-heading-tag{\nfont-size:40px;\n}\n.av-special-heading.av-zeh9-5b11eaf67ce76efbd4c8302fb5449799 .av-subheading{\nfont-size:15px;\n}\n\n@media only screen and (min-width: 480px) and (max-width: 767px){ \n#top #wrap_all .av-special-heading.av-zeh9-5b11eaf67ce76efbd4c8302fb5449799 .av-special-heading-tag{\nfont-size:0.8em;\n}\n}\n\n@media only screen and (max-width: 479px){ \n#top #wrap_all .av-special-heading.av-zeh9-5b11eaf67ce76efbd4c8302fb5449799 .av-special-heading-tag{\nfont-size:0.8em;\n}\n}\n<\/style>\n<div  class='av-special-heading av-zeh9-5b11eaf67ce76efbd4c8302fb5449799 av-special-heading-h2 blockquote modern-quote modern-centered  avia-builder-el-4  avia-builder-el-no-sibling  av-inherit-size av-linked-heading'><h2 class='av-special-heading-tag '  itemprop=\"headline\"  ><a class=\"av-heading-link\" href=\"https:\/\/sandblasting.lv\/musu-darbi\/koka-fasades-attirisana-ar-smilsu-struklu\/\" >Koka virsmas t\u012br\u012b\u0161ana<\/a><\/h2><div class=\"special-heading-border\"><div class=\"special-heading-inner-border\"><\/div><\/div><\/div><\/div><\/p>\n<\/div><\/div>\n<style type=\"text\/css\" data-created_by=\"avia_inline_auto\" id=\"style-css-av-kmj6g8ly-e0afe7e551abf97306b38d4c6a3887bf\">\n.flex_cell.av-kmj6g8ly-e0afe7e551abf97306b38d4c6a3887bf{\nvertical-align:middle;\nbackground:url(https:\/\/sandblasting.lv\/wp-content\/uploads\/2021\/03\/WhatsAppImage2020-04-14at13.57.44-2880w-773x1030.jpeg) 50% 50% no-repeat scroll ;\n}\n.responsive #top #wrap_all .flex_cell.av-kmj6g8ly-e0afe7e551abf97306b38d4c6a3887bf{\npadding:90px 90px 90px 90px !important;\n}\n<\/style>\n<div class='flex_cell av-kmj6g8ly-e0afe7e551abf97306b38d4c6a3887bf av-gridrow-cell av_one_half no_margin  avia-builder-el-5  el_after_av_cell_one_half  avia-builder-el-last  content-align-middle avia-full-stretch'  ><div class='flex_cell_inner'><p>\n<style type=\"text\/css\" data-created_by=\"avia_inline_auto\" id=\"style-css-av-1p1s5-7-7df254dfc42ecc63327c8526608d380f\">\n.flex_column.av-1p1s5-7-7df254dfc42ecc63327c8526608d380f{\nborder-radius:0px 0px 0px 0px;\npadding:0px 0px 0px 0px;\n}\n<\/style>\n<div  class='flex_column av-1p1s5-7-7df254dfc42ecc63327c8526608d380f av_one_third  avia-builder-el-6  el_before_av_one_half  avia-builder-el-first  first flex_column_div av-zero-column-padding  '     ><\/div>\n<style type=\"text\/css\" data-created_by=\"avia_inline_auto\" id=\"style-css-av-kmj6kue4-6-f31a6c5153352bf0c35718d107b500e4\">\n.flex_column.av-kmj6kue4-6-f31a6c5153352bf0c35718d107b500e4{\nborder-width:5px;\nborder-color:#ffffff;\nborder-style:solid;\nborder-radius:0px 0px 0px 0px;\npadding:130px 30px 130px 30px;\n}\n<\/style>\n<div  class='flex_column av-kmj6kue4-6-f31a6c5153352bf0c35718d107b500e4 av_one_half  avia-builder-el-7  el_after_av_one_third  avia-builder-el-last  flex_column_div  '     ><style type=\"text\/css\" data-created_by=\"avia_inline_auto\" id=\"style-css-av-kmj6w898-cedaa850beb584d7f313a9a63474331d\">\n#top .av-special-heading.av-kmj6w898-cedaa850beb584d7f313a9a63474331d{\npadding-bottom:10px;\nfont-size:40px;\n}\nbody .av-special-heading.av-kmj6w898-cedaa850beb584d7f313a9a63474331d .av-special-heading-tag .heading-char{\nfont-size:25px;\n}\n#top #wrap_all .av-special-heading.av-kmj6w898-cedaa850beb584d7f313a9a63474331d .av-special-heading-tag{\nfont-size:40px;\n}\n.av-special-heading.av-kmj6w898-cedaa850beb584d7f313a9a63474331d .av-subheading{\nfont-size:15px;\n}\n\n@media only screen and (min-width: 480px) and (max-width: 767px){ \n#top #wrap_all .av-special-heading.av-kmj6w898-cedaa850beb584d7f313a9a63474331d .av-special-heading-tag{\nfont-size:0.8em;\n}\n}\n\n@media only screen and (max-width: 479px){ \n#top #wrap_all .av-special-heading.av-kmj6w898-cedaa850beb584d7f313a9a63474331d .av-special-heading-tag{\nfont-size:0.8em;\n}\n}\n<\/style>\n<div  class='av-special-heading av-kmj6w898-cedaa850beb584d7f313a9a63474331d av-special-heading-h2 blockquote modern-quote modern-centered  avia-builder-el-8  avia-builder-el-no-sibling  av-inherit-size av-linked-heading'><h2 class='av-special-heading-tag '  itemprop=\"headline\"  ><a class=\"av-heading-link\" href=\"https:\/\/sandblasting.lv\/musu-darbi\/metala-konstrukciju-tirisana-ar-smilsu-struklu\/\" >Met\u0101la virsmas t\u012br\u012b\u0161ana<\/a><\/h2><div class=\"special-heading-border\"><div class=\"special-heading-inner-border\"><\/div><\/div><\/div><\/div><\/p>\n<\/div><\/div>\n<\/div><\/p>\n<div id='av-layout-grid-2'  class='av-layout-grid-container av-u34d-9-0828b119f1e1b1410f7abe8facccdf93 entry-content-wrapper header_color av-flex-cells av-break-at-tablet  avia-builder-el-9  el_after_av_layout_row  avia-builder-el-last  grid-row-not-first  container_wrap fullsize'  >\n\n<style type=\"text\/css\" data-created_by=\"avia_inline_auto\" id=\"style-css-av-kmj6f2yk-8-503f57e5123524e3b521d83227157738\">\n.flex_cell.av-kmj6f2yk-8-503f57e5123524e3b521d83227157738{\nvertical-align:middle;\nbackground:url(https:\/\/sandblasting.lv\/wp-content\/uploads\/2021\/03\/WhatsAppImage2020-04-14at13.57.40-2880w-1030x773.jpeg) 50% 50% no-repeat scroll ;\n}\n.responsive #top #wrap_all .flex_cell.av-kmj6f2yk-8-503f57e5123524e3b521d83227157738{\npadding:90px 90px 90px 90px !important;\n}\n<\/style>\n<div class='flex_cell av-kmj6f2yk-8-503f57e5123524e3b521d83227157738 av-gridrow-cell av_one_half no_margin  avia-builder-el-10  el_before_av_cell_one_half  avia-builder-el-first  content-align-middle avia-full-stretch'  ><div class='flex_cell_inner'><p>\n<style type=\"text\/css\" data-created_by=\"avia_inline_auto\" id=\"style-css-av-1p1s5-4-58028b6574d3e99efe5e5493b66a62b8\">\n.flex_column.av-1p1s5-4-58028b6574d3e99efe5e5493b66a62b8{\nborder-radius:0px 0px 0px 0px;\npadding:0px 0px 0px 0px;\n}\n<\/style>\n<div  class='flex_column av-1p1s5-4-58028b6574d3e99efe5e5493b66a62b8 av_one_fourth  avia-builder-el-11  el_before_av_one_half  avia-builder-el-first  first flex_column_div av-zero-column-padding  '     ><\/div>\n<style type=\"text\/css\" data-created_by=\"avia_inline_auto\" id=\"style-css-av-kmj6kue4-3-c501ce1c77cefddbe22c0623dff44560\">\n.flex_column.av-kmj6kue4-3-c501ce1c77cefddbe22c0623dff44560{\nborder-width:5px;\nborder-color:#ffffff;\nborder-style:solid;\nborder-radius:0px 0px 0px 0px;\npadding:130px 30px 130px 30px;\n}\n<\/style>\n<div  class='flex_column av-kmj6kue4-3-c501ce1c77cefddbe22c0623dff44560 av_one_half  avia-builder-el-12  el_after_av_one_fourth  avia-builder-el-last  flex_column_div  '     ><style type=\"text\/css\" data-created_by=\"avia_inline_auto\" id=\"style-css-av-kmj6wqec-d2797fbb3a8ac548024a296967c8642b\">\n#top .av-special-heading.av-kmj6wqec-d2797fbb3a8ac548024a296967c8642b{\npadding-bottom:10px;\nfont-size:40px;\n}\nbody .av-special-heading.av-kmj6wqec-d2797fbb3a8ac548024a296967c8642b .av-special-heading-tag .heading-char{\nfont-size:25px;\n}\n#top #wrap_all .av-special-heading.av-kmj6wqec-d2797fbb3a8ac548024a296967c8642b .av-special-heading-tag{\nfont-size:40px;\n}\n.av-special-heading.av-kmj6wqec-d2797fbb3a8ac548024a296967c8642b .av-subheading{\nfont-size:15px;\n}\n\n@media only screen and (min-width: 480px) and (max-width: 767px){ \n#top #wrap_all .av-special-heading.av-kmj6wqec-d2797fbb3a8ac548024a296967c8642b .av-special-heading-tag{\nfont-size:0.8em;\n}\n}\n\n@media only screen and (max-width: 479px){ \n#top #wrap_all .av-special-heading.av-kmj6wqec-d2797fbb3a8ac548024a296967c8642b .av-special-heading-tag{\nfont-size:0.8em;\n}\n}\n<\/style>\n<div  class='av-special-heading av-kmj6wqec-d2797fbb3a8ac548024a296967c8642b av-special-heading-h2 blockquote modern-quote modern-centered  avia-builder-el-13  avia-builder-el-no-sibling  av-inherit-size av-linked-heading'><h2 class='av-special-heading-tag '  itemprop=\"headline\"  ><a class=\"av-heading-link\" href=\"https:\/\/sandblasting.lv\/musu-darbi\/kiegelu-fasades-tirisana-ar-smilsu-struklu\/\" >\u0136ie\u0123e\u013cu virsmas t\u012br\u012b\u0161ana<\/a><\/h2><div class=\"special-heading-border\"><div class=\"special-heading-inner-border\"><\/div><\/div><\/div><\/div><\/p>\n<\/div><\/div>\n<style type=\"text\/css\" data-created_by=\"avia_inline_auto\" id=\"style-css-av-kmj6g8ly-5-a42197e28f1503238a086ba0113e2168\">\n.flex_cell.av-kmj6g8ly-5-a42197e28f1503238a086ba0113e2168{\nvertical-align:middle;\nbackground:url(https:\/\/sandblasting.lv\/wp-content\/uploads\/2021\/03\/7-c3b59b00-2880w-1030x773.jpg) 50% 50% no-repeat scroll ;\n}\n.responsive #top #wrap_all .flex_cell.av-kmj6g8ly-5-a42197e28f1503238a086ba0113e2168{\npadding:90px 90px 90px 90px !important;\n}\n<\/style>\n<div class='flex_cell av-kmj6g8ly-5-a42197e28f1503238a086ba0113e2168 av-gridrow-cell av_one_half no_margin  avia-builder-el-14  el_after_av_cell_one_half  avia-builder-el-last  content-align-middle avia-full-stretch'  ><div class='flex_cell_inner'><p>\n<style type=\"text\/css\" data-created_by=\"avia_inline_auto\" id=\"style-css-av-1p1s5-2-5c59150bbe489598f0112bec04687495\">\n.flex_column.av-1p1s5-2-5c59150bbe489598f0112bec04687495{\nborder-radius:0px 0px 0px 0px;\npadding:0px 0px 0px 0px;\n}\n<\/style>\n<div  class='flex_column av-1p1s5-2-5c59150bbe489598f0112bec04687495 av_one_third  avia-builder-el-15  el_before_av_one_half  avia-builder-el-first  first flex_column_div av-zero-column-padding  '     ><\/div>\n<style type=\"text\/css\" data-created_by=\"avia_inline_auto\" id=\"style-css-av-kmj6kue4-1-fa77264e3a1655b15538eb27b3ea8ffb\">\n.flex_column.av-kmj6kue4-1-fa77264e3a1655b15538eb27b3ea8ffb{\nborder-width:5px;\nborder-color:#ffffff;\nborder-style:solid;\nborder-radius:0px 0px 0px 0px;\npadding:130px 30px 130px 30px;\n}\n<\/style>\n<div  class='flex_column av-kmj6kue4-1-fa77264e3a1655b15538eb27b3ea8ffb av_one_half  avia-builder-el-16  el_after_av_one_third  avia-builder-el-last  flex_column_div  '     ><style type=\"text\/css\" data-created_by=\"avia_inline_auto\" id=\"style-css-av-kmj6y96v-4bdb840d66a82c543836b9d2baed6e05\">\n#top .av-special-heading.av-kmj6y96v-4bdb840d66a82c543836b9d2baed6e05{\npadding-bottom:10px;\nfont-size:40px;\n}\nbody .av-special-heading.av-kmj6y96v-4bdb840d66a82c543836b9d2baed6e05 .av-special-heading-tag .heading-char{\nfont-size:25px;\n}\n#top #wrap_all .av-special-heading.av-kmj6y96v-4bdb840d66a82c543836b9d2baed6e05 .av-special-heading-tag{\nfont-size:40px;\n}\n.av-special-heading.av-kmj6y96v-4bdb840d66a82c543836b9d2baed6e05 .av-subheading{\nfont-size:15px;\n}\n\n@media only screen and (min-width: 480px) and (max-width: 767px){ \n#top #wrap_all .av-special-heading.av-kmj6y96v-4bdb840d66a82c543836b9d2baed6e05 .av-special-heading-tag{\nfont-size:0.8em;\n}\n}\n\n@media only screen and (max-width: 479px){ \n#top #wrap_all .av-special-heading.av-kmj6y96v-4bdb840d66a82c543836b9d2baed6e05 .av-special-heading-tag{\nfont-size:0.8em;\n}\n}\n<\/style>\n<div  class='av-special-heading av-kmj6y96v-4bdb840d66a82c543836b9d2baed6e05 av-special-heading-h2 blockquote modern-quote modern-centered  avia-builder-el-17  avia-builder-el-no-sibling  av-inherit-size av-linked-heading'><h2 class='av-special-heading-tag '  itemprop=\"headline\"  ><a class=\"av-heading-link\" href=\"https:\/\/sandblasting.lv\/musu-darbi\/betona-panelu-tirisana-ar-smilsu-struklu\/\" >Betona virsmas t\u012br\u012b\u0161ana<\/a><\/h2><div class=\"special-heading-border\"><div class=\"special-heading-inner-border\"><\/div><\/div><\/div><\/div><\/p>\n<\/div><\/div>\n<\/div>\n","protected":false},"excerpt":{"rendered":"","protected":false},"author":1,"featured_media":602,"parent":0,"menu_order":3,"comment_status":"closed","ping_status":"closed","template":"","meta":{"footnotes":""},"class_list":["post-731","page","type-page","status-publish","has-post-thumbnail","hentry"],"yoast_head":"<!-- This site is optimized with the Yoast SEO plugin v27.4 - https:\/\/yoast.com\/product\/yoast-seo-wordpress\/ -->\n<title>OUR WORKS - Sandblasting and various surface cleaning, facade, parts, furniture, car cleaning.<\/title>\n<meta name=\"description\" content=\"Sandblasting of surfaces. Sandblasting of wood, metal, concrete, brick surfaces, soda blasting. Painting of various surfaces.\" \/>\n<meta name=\"robots\" content=\"index, follow, max-snippet:-1, max-image-preview:large, max-video-preview:-1\" \/>\n<link rel=\"canonical\" href=\"https:\/\/sandblasting.lv\/en\/our-works\/\" \/>\n<meta property=\"og:locale\" content=\"en_US\" \/>\n<meta property=\"og:type\" content=\"article\" \/>\n<meta property=\"og:title\" content=\"OUR WORKS - Sandblasting and various surface cleaning, facade, parts, furniture, car cleaning.\" \/>\n<meta property=\"og:description\" content=\"Sandblasting of surfaces. Sandblasting of wood, metal, concrete, brick surfaces, soda blasting. Painting of various surfaces.\" \/>\n<meta property=\"og:url\" content=\"https:\/\/sandblasting.lv\/en\/our-works\/\" \/>\n<meta property=\"og:site_name\" content=\"Sandblasting and various surface cleaning, facade, parts, furniture, car cleaning.\" \/>\n<meta property=\"article:publisher\" content=\"https:\/\/facebook.com\/sandblasting.lv\" \/>\n<meta property=\"article:modified_time\" content=\"2025-01-13T10:14:56+00:00\" \/>\n<meta property=\"og:image\" content=\"https:\/\/sandblasting.lv\/wp-content\/uploads\/2021\/03\/WhatsAppImage2020-04-14at13.57.40-6a570b11-1920w.jpeg\" \/>\n\t<meta property=\"og:image:width\" content=\"1440\" \/>\n\t<meta property=\"og:image:height\" content=\"1080\" \/>\n\t<meta property=\"og:image:type\" content=\"image\/jpeg\" \/>\n<meta name=\"twitter:card\" content=\"summary_large_image\" \/>\n<meta name=\"twitter:label1\" content=\"Est. reading time\" \/>\n\t<meta name=\"twitter:data1\" content=\"14 minutes\" \/>\n<script type=\"application\/ld+json\" class=\"yoast-schema-graph\">{\"@context\":\"https:\\\/\\\/schema.org\",\"@graph\":[{\"@type\":\"WebPage\",\"@id\":\"https:\\\/\\\/sandblasting.lv\\\/en\\\/our-works\\\/\",\"url\":\"https:\\\/\\\/sandblasting.lv\\\/en\\\/our-works\\\/\",\"name\":\"OUR WORKS - Sandblasting and various surface cleaning, facade, parts, furniture, car cleaning.\",\"isPartOf\":{\"@id\":\"https:\\\/\\\/sandblasting.lv\\\/en\\\/#website\"},\"primaryImageOfPage\":{\"@id\":\"https:\\\/\\\/sandblasting.lv\\\/en\\\/our-works\\\/#primaryimage\"},\"image\":{\"@id\":\"https:\\\/\\\/sandblasting.lv\\\/en\\\/our-works\\\/#primaryimage\"},\"thumbnailUrl\":\"https:\\\/\\\/sandblasting.lv\\\/wp-content\\\/uploads\\\/2021\\\/03\\\/WhatsAppImage2020-04-14at13.57.40-6a570b11-1920w.jpeg\",\"datePublished\":\"2021-03-21T17:54:25+00:00\",\"dateModified\":\"2025-01-13T10:14:56+00:00\",\"description\":\"Sandblasting of surfaces. Sandblasting of wood, metal, concrete, brick surfaces, soda blasting. Painting of various surfaces.\",\"breadcrumb\":{\"@id\":\"https:\\\/\\\/sandblasting.lv\\\/en\\\/our-works\\\/#breadcrumb\"},\"inLanguage\":\"en-US\",\"potentialAction\":[{\"@type\":\"ReadAction\",\"target\":[\"https:\\\/\\\/sandblasting.lv\\\/en\\\/our-works\\\/\"]}]},{\"@type\":\"ImageObject\",\"inLanguage\":\"en-US\",\"@id\":\"https:\\\/\\\/sandblasting.lv\\\/en\\\/our-works\\\/#primaryimage\",\"url\":\"https:\\\/\\\/sandblasting.lv\\\/wp-content\\\/uploads\\\/2021\\\/03\\\/WhatsAppImage2020-04-14at13.57.40-6a570b11-1920w.jpeg\",\"contentUrl\":\"https:\\\/\\\/sandblasting.lv\\\/wp-content\\\/uploads\\\/2021\\\/03\\\/WhatsAppImage2020-04-14at13.57.40-6a570b11-1920w.jpeg\",\"width\":1440,\"height\":1080,\"caption\":\"Akmens t\u012br\u012b\u0161ana ar smil\u0161u str\u016bklu\"},{\"@type\":\"BreadcrumbList\",\"@id\":\"https:\\\/\\\/sandblasting.lv\\\/en\\\/our-works\\\/#breadcrumb\",\"itemListElement\":[{\"@type\":\"ListItem\",\"position\":1,\"name\":\"Home\",\"item\":\"https:\\\/\\\/sandblasting.lv\\\/en\\\/\"},{\"@type\":\"ListItem\",\"position\":2,\"name\":\"OUR WORKS\"}]},{\"@type\":\"WebSite\",\"@id\":\"https:\\\/\\\/sandblasting.lv\\\/en\\\/#website\",\"url\":\"https:\\\/\\\/sandblasting.lv\\\/en\\\/\",\"name\":\"sandblasting.lv \u2013 smil\u0161u str\u016bkla\",\"description\":\"Sandblasting\",\"publisher\":{\"@id\":\"https:\\\/\\\/sandblasting.lv\\\/en\\\/#organization\"},\"potentialAction\":[{\"@type\":\"SearchAction\",\"target\":{\"@type\":\"EntryPoint\",\"urlTemplate\":\"https:\\\/\\\/sandblasting.lv\\\/en\\\/?s={search_term_string}\"},\"query-input\":{\"@type\":\"PropertyValueSpecification\",\"valueRequired\":true,\"valueName\":\"search_term_string\"}}],\"inLanguage\":\"en-US\"},{\"@type\":\"Organization\",\"@id\":\"https:\\\/\\\/sandblasting.lv\\\/en\\\/#organization\",\"name\":\"SandBlasting\",\"url\":\"https:\\\/\\\/sandblasting.lv\\\/en\\\/\",\"logo\":{\"@type\":\"ImageObject\",\"inLanguage\":\"en-US\",\"@id\":\"https:\\\/\\\/sandblasting.lv\\\/en\\\/#\\\/schema\\\/logo\\\/image\\\/\",\"url\":\"https:\\\/\\\/sandblasting.lv\\\/wp-content\\\/uploads\\\/2021\\\/03\\\/Sandblasting-5-3d546d0f.png\",\"contentUrl\":\"https:\\\/\\\/sandblasting.lv\\\/wp-content\\\/uploads\\\/2021\\\/03\\\/Sandblasting-5-3d546d0f.png\",\"width\":499,\"height\":181,\"caption\":\"SandBlasting\"},\"image\":{\"@id\":\"https:\\\/\\\/sandblasting.lv\\\/en\\\/#\\\/schema\\\/logo\\\/image\\\/\"},\"sameAs\":[\"https:\\\/\\\/facebook.com\\\/sandblasting.lv\",\"https:\\\/\\\/instagram.com\\\/sandblasting.lv\\\/\",\"https:\\\/\\\/www.youtube.com\\\/channel\\\/UCyuUJFtfIUolXlxM7LirhxA\"]}]}<\/script>\n<!-- \/ Yoast SEO plugin. -->","yoast_head_json":{"title":"OUR WORKS - Sandblasting and various surface cleaning, facade, parts, furniture, car cleaning.","description":"Sandblasting of surfaces. Sandblasting of wood, metal, concrete, brick surfaces, soda blasting. Painting of various surfaces.","robots":{"index":"index","follow":"follow","max-snippet":"max-snippet:-1","max-image-preview":"max-image-preview:large","max-video-preview":"max-video-preview:-1"},"canonical":"https:\/\/sandblasting.lv\/en\/our-works\/","og_locale":"en_US","og_type":"article","og_title":"OUR WORKS - Sandblasting and various surface cleaning, facade, parts, furniture, car cleaning.","og_description":"Sandblasting of surfaces. Sandblasting of wood, metal, concrete, brick surfaces, soda blasting. Painting of various surfaces.","og_url":"https:\/\/sandblasting.lv\/en\/our-works\/","og_site_name":"Sandblasting and various surface cleaning, facade, parts, furniture, car cleaning.","article_publisher":"https:\/\/facebook.com\/sandblasting.lv","article_modified_time":"2025-01-13T10:14:56+00:00","og_image":[{"width":1440,"height":1080,"url":"https:\/\/sandblasting.lv\/wp-content\/uploads\/2021\/03\/WhatsAppImage2020-04-14at13.57.40-6a570b11-1920w.jpeg","type":"image\/jpeg"}],"twitter_card":"summary_large_image","twitter_misc":{"Est. reading time":"14 minutes"},"schema":{"@context":"https:\/\/schema.org","@graph":[{"@type":"WebPage","@id":"https:\/\/sandblasting.lv\/en\/our-works\/","url":"https:\/\/sandblasting.lv\/en\/our-works\/","name":"OUR WORKS - Sandblasting and various surface cleaning, facade, parts, furniture, car cleaning.","isPartOf":{"@id":"https:\/\/sandblasting.lv\/en\/#website"},"primaryImageOfPage":{"@id":"https:\/\/sandblasting.lv\/en\/our-works\/#primaryimage"},"image":{"@id":"https:\/\/sandblasting.lv\/en\/our-works\/#primaryimage"},"thumbnailUrl":"https:\/\/sandblasting.lv\/wp-content\/uploads\/2021\/03\/WhatsAppImage2020-04-14at13.57.40-6a570b11-1920w.jpeg","datePublished":"2021-03-21T17:54:25+00:00","dateModified":"2025-01-13T10:14:56+00:00","description":"Sandblasting of surfaces. Sandblasting of wood, metal, concrete, brick surfaces, soda blasting. Painting of various surfaces.","breadcrumb":{"@id":"https:\/\/sandblasting.lv\/en\/our-works\/#breadcrumb"},"inLanguage":"en-US","potentialAction":[{"@type":"ReadAction","target":["https:\/\/sandblasting.lv\/en\/our-works\/"]}]},{"@type":"ImageObject","inLanguage":"en-US","@id":"https:\/\/sandblasting.lv\/en\/our-works\/#primaryimage","url":"https:\/\/sandblasting.lv\/wp-content\/uploads\/2021\/03\/WhatsAppImage2020-04-14at13.57.40-6a570b11-1920w.jpeg","contentUrl":"https:\/\/sandblasting.lv\/wp-content\/uploads\/2021\/03\/WhatsAppImage2020-04-14at13.57.40-6a570b11-1920w.jpeg","width":1440,"height":1080,"caption":"Akmens t\u012br\u012b\u0161ana ar smil\u0161u str\u016bklu"},{"@type":"BreadcrumbList","@id":"https:\/\/sandblasting.lv\/en\/our-works\/#breadcrumb","itemListElement":[{"@type":"ListItem","position":1,"name":"Home","item":"https:\/\/sandblasting.lv\/en\/"},{"@type":"ListItem","position":2,"name":"OUR WORKS"}]},{"@type":"WebSite","@id":"https:\/\/sandblasting.lv\/en\/#website","url":"https:\/\/sandblasting.lv\/en\/","name":"sandblasting.lv \u2013 smil\u0161u str\u016bkla","description":"Sandblasting","publisher":{"@id":"https:\/\/sandblasting.lv\/en\/#organization"},"potentialAction":[{"@type":"SearchAction","target":{"@type":"EntryPoint","urlTemplate":"https:\/\/sandblasting.lv\/en\/?s={search_term_string}"},"query-input":{"@type":"PropertyValueSpecification","valueRequired":true,"valueName":"search_term_string"}}],"inLanguage":"en-US"},{"@type":"Organization","@id":"https:\/\/sandblasting.lv\/en\/#organization","name":"SandBlasting","url":"https:\/\/sandblasting.lv\/en\/","logo":{"@type":"ImageObject","inLanguage":"en-US","@id":"https:\/\/sandblasting.lv\/en\/#\/schema\/logo\/image\/","url":"https:\/\/sandblasting.lv\/wp-content\/uploads\/2021\/03\/Sandblasting-5-3d546d0f.png","contentUrl":"https:\/\/sandblasting.lv\/wp-content\/uploads\/2021\/03\/Sandblasting-5-3d546d0f.png","width":499,"height":181,"caption":"SandBlasting"},"image":{"@id":"https:\/\/sandblasting.lv\/en\/#\/schema\/logo\/image\/"},"sameAs":["https:\/\/facebook.com\/sandblasting.lv","https:\/\/instagram.com\/sandblasting.lv\/","https:\/\/www.youtube.com\/channel\/UCyuUJFtfIUolXlxM7LirhxA"]}]}},"_links":{"self":[{"href":"https:\/\/sandblasting.lv\/en\/wp-json\/wp\/v2\/pages\/731","targetHints":{"allow":["GET"]}}],"collection":[{"href":"https:\/\/sandblasting.lv\/en\/wp-json\/wp\/v2\/pages"}],"about":[{"href":"https:\/\/sandblasting.lv\/en\/wp-json\/wp\/v2\/types\/page"}],"author":[{"embeddable":true,"href":"https:\/\/sandblasting.lv\/en\/wp-json\/wp\/v2\/users\/1"}],"replies":[{"embeddable":true,"href":"https:\/\/sandblasting.lv\/en\/wp-json\/wp\/v2\/comments?post=731"}],"version-history":[{"count":5,"href":"https:\/\/sandblasting.lv\/en\/wp-json\/wp\/v2\/pages\/731\/revisions"}],"predecessor-version":[{"id":1940,"href":"https:\/\/sandblasting.lv\/en\/wp-json\/wp\/v2\/pages\/731\/revisions\/1940"}],"wp:featuredmedia":[{"embeddable":true,"href":"https:\/\/sandblasting.lv\/en\/wp-json\/wp\/v2\/media\/602"}],"wp:attachment":[{"href":"https:\/\/sandblasting.lv\/en\/wp-json\/wp\/v2\/media?parent=731"}],"curies":[{"name":"wp","href":"https:\/\/api.w.org\/{rel}","templated":true}]}}