{"id":761,"date":"2021-03-21T20:16:26","date_gmt":"2021-03-21T18:16:26","guid":{"rendered":"https:\/\/sand.bumbierkoks.eu\/price-list\/"},"modified":"2024-03-06T15:30:04","modified_gmt":"2024-03-06T13:30:04","slug":"price-list","status":"publish","type":"page","link":"https:\/\/sandblasting.lv\/en\/price-list\/","title":{"rendered":"PRICE LIST"},"content":{"rendered":"\n<style type=\"text\/css\" data-created_by=\"avia_inline_auto\" id=\"style-css-av-kmj4xd3x-6846d6c915e5deb102bca4cc9d18393a\">\n.avia-section.av-kmj4xd3x-6846d6c915e5deb102bca4cc9d18393a .av-parallax .av-parallax-inner{\nbackground-repeat:no-repeat;\nbackground-image:url(https:\/\/sandblasting.lv\/wp-content\/uploads\/2021\/03\/photo-1533738630286-f1f4a61705f8-2880w.jpg);\nbackground-position:50% 0%;\nbackground-attachment:scroll;\n}\n<\/style>\n<div id='av_section_1'  class='avia-section av-kmj4xd3x-6846d6c915e5deb102bca4cc9d18393a header_color avia-section-default avia-no-border-styling  avia-builder-el-0  el_before_av_textblock  avia-builder-el-first  avia-full-stretch av-parallax-section avia-bg-style-parallax av-minimum-height av-minimum-height-25 av-height-25  container_wrap fullsize'  data-section-bg-repeat='stretch' data-av_minimum_height_pc='25' data-av_min_height_opt='25'><div class='av-parallax' data-avia-parallax-ratio='0.3' ><div class='av-parallax-inner header_color avia-full-stretch'><\/div><\/div><div class='container av-section-cont-open' ><main  role=\"main\" itemprop=\"mainContentOfPage\"  class='template-page content  av-content-full alpha units'><div class='post-entry post-entry-type-page post-entry-761'><div class='entry-content-wrapper clearfix'>\n\n<style type=\"text\/css\" data-created_by=\"avia_inline_auto\" id=\"style-css-av-kmj8na2e-7f0e5405bd37aead83ca5fe284fe3400\">\n#top .av-special-heading.av-kmj8na2e-7f0e5405bd37aead83ca5fe284fe3400{\npadding-bottom:10px;\nfont-size:60px;\n}\nbody .av-special-heading.av-kmj8na2e-7f0e5405bd37aead83ca5fe284fe3400 .av-special-heading-tag .heading-char{\nfont-size:25px;\n}\n#top #wrap_all .av-special-heading.av-kmj8na2e-7f0e5405bd37aead83ca5fe284fe3400 .av-special-heading-tag{\nfont-size:60px;\n}\n.av-special-heading.av-kmj8na2e-7f0e5405bd37aead83ca5fe284fe3400 .av-subheading{\nfont-size:15px;\n}\n\n@media only screen and (min-width: 480px) and (max-width: 767px){ \n#top #wrap_all .av-special-heading.av-kmj8na2e-7f0e5405bd37aead83ca5fe284fe3400 .av-special-heading-tag{\nfont-size:0.8em;\n}\n}\n\n@media only screen and (max-width: 479px){ \n#top #wrap_all .av-special-heading.av-kmj8na2e-7f0e5405bd37aead83ca5fe284fe3400 .av-special-heading-tag{\nfont-size:0.8em;\n}\n}\n<\/style>\n<div  class='av-special-heading av-kmj8na2e-7f0e5405bd37aead83ca5fe284fe3400 av-special-heading-h1 blockquote modern-quote modern-centered  avia-builder-el-1  avia-builder-el-no-sibling  av-inherit-size'><h1 class='av-special-heading-tag '  itemprop=\"headline\"  >Smil\u0161u Str\u016bklas Cenas<\/h1><div class=\"special-heading-border\"><div class=\"special-heading-inner-border\"><\/div><\/div><\/div>\n<\/div><\/div><\/main><!-- close content main element --><\/div><\/div><div id='after_section_1'  class='main_color av_default_container_wrap container_wrap fullsize'  ><div class='container av-section-cont-open' ><div class='template-page content  av-content-full alpha units'><div class='post-entry post-entry-type-page post-entry-761'><div class='entry-content-wrapper clearfix'>\n\n<style type=\"text\/css\" data-created_by=\"avia_inline_auto\" id=\"style-css-av-kmj8qhcm-0755be77e1d9ff743a3471209aa76e23\">\n#top .av_textblock_section.av-kmj8qhcm-0755be77e1d9ff743a3471209aa76e23 .avia_textblock{\nfont-size:16px;\n}\n<\/style>\n<section  class='av_textblock_section av-kmj8qhcm-0755be77e1d9ff743a3471209aa76e23 '   itemscope=\"itemscope\" itemtype=\"https:\/\/schema.org\/CreativeWork\" ><div class='avia_textblock'  itemprop=\"text\" ><div id=\"personal-growth\" class=\"u_personal-growth dmRespRow dmReadySection\" style=\"text-align: center;\" data-anchor=\"personal-growth\">\n<div id=\"1225802348\" class=\"dmRespColsWrapper ListSection\">\n<div id=\"1395133732\" class=\"u_1395133732 dmRespCol small-12 medium-12 large-12\">\n<div><span class=\"lh-1 font-size-18\">V\u0113laties ieg\u016bt s\u012bk\u0101ku inform\u0101ciju? zvaniet mums pa t\u0101lruni <a href=\"tel:+371 22322575\">+371 22322575<\/a> vai rakstiet uz e-pasta adresi <a href=\"mailto:info@sandbalsting.lv\">info@sandblasting.lv<\/a><\/span><\/div>\n<\/div>\n<\/div>\n<\/div>\n<\/div><\/section>\n<div class='avia-data-table-wrap av-gylvz-f404b00d11959f4072a111d8063ce62e avia_responsive_table avia-table-1'><table  class='avia-table avia-data-table avia_pricing_default  avia-builder-el-3  el_after_av_textblock  el_before_av_textblock '  itemscope=\"itemscope\" itemtype=\"https:\/\/schema.org\/Table\" ><tbody><tr class=''><td class=''>Brick surface:<\/td><td class=''>from 5.00 eiro\/m2<\/td><\/tr><tr class=''><td class=''>Stone surface:<\/td><td class=''>from 5.00 eiro\/m2<\/td><\/tr><tr class=''><td class=''>Wooden surface:<\/td><td class=''>From 4.50 eiro\/m2<\/td><\/tr><tr class=''><td class=''>Metal surfaces:<\/td><td class=''> <\/td><\/tr><tr class=''><td class=''>&#8211; Car, moto wheels<\/td><td class=''>1.00 euro for each inch of diameter<\/td><\/tr><tr class=''><td class=''>&#8211; Car body<\/td><td class=''>from 500.00 euros per piece<\/td><\/tr><tr class=''><td class=''>&#8211; Any other metal surface<\/td><td class=''>40.00 euros per hour<\/td><\/tr><tr class=''><td class=''>Cleaning the inside of large pipes:<\/td><td class=''>from 10.00 euros per meter (depending on the diameter)<\/td><\/tr><tr class=''><td class=''>High pressure water cleaning:<\/td><td class=''>0.60 &#8211; 3.00 eiro\/m2<\/td><\/tr><\/tbody><\/table><\/div>\n<section  class='av_textblock_section av-kmj8qhcm-28-adf7c09c52dfe9c546b4ddefd0b5a1b5 '   itemscope=\"itemscope\" itemtype=\"https:\/\/schema.org\/CreativeWork\" ><div class='avia_textblock'  itemprop=\"text\" ><p>All prices are without VAT<\/p>\n<\/div><\/section>\n<div  class='avia-button-wrap av-kmj56dl8-7f08ce0eb6cfdfe8fdc3096b438225d3-wrap avia-button-center  avia-builder-el-5  el_after_av_textblock  avia-builder-el-last '><a href='https:\/\/sandblasting.lv\/en\/contacts\/'  class='avia-button av-kmj56dl8-7f08ce0eb6cfdfe8fdc3096b438225d3 av-link-btn avia-icon_select-no avia-size-large avia-position-center avia-color-theme-color'   aria-label=\"Contact us!\"><span class='avia_iconbox_title' >Contact us!<\/span><\/a><\/div>\n","protected":false},"excerpt":{"rendered":"","protected":false},"author":1,"featured_media":59,"parent":0,"menu_order":4,"comment_status":"closed","ping_status":"closed","template":"","meta":{"footnotes":""},"class_list":["post-761","page","type-page","status-publish","has-post-thumbnail","hentry"],"yoast_head":"<!-- This site is optimized with the Yoast SEO plugin v27.4 - https:\/\/yoast.com\/product\/yoast-seo-wordpress\/ -->\n<title>PRICE LIST - Sandblasting and various surface cleaning, facade, parts, furniture, car cleaning.<\/title>\n<meta name=\"description\" content=\"Sandblasting prices. How much does it cost to clean the facade, furniture, wooden parts, car, brick walls with sandblasting?\" \/>\n<meta name=\"robots\" content=\"index, follow, max-snippet:-1, max-image-preview:large, max-video-preview:-1\" \/>\n<link rel=\"canonical\" href=\"https:\/\/sandblasting.lv\/en\/price-list\/\" \/>\n<meta property=\"og:locale\" content=\"en_US\" \/>\n<meta property=\"og:type\" content=\"article\" \/>\n<meta property=\"og:title\" content=\"PRICE LIST - Sandblasting and various surface cleaning, facade, parts, furniture, car cleaning.\" \/>\n<meta property=\"og:description\" content=\"Sandblasting prices. How much does it cost to clean the facade, furniture, wooden parts, car, brick walls with sandblasting?\" \/>\n<meta property=\"og:url\" content=\"https:\/\/sandblasting.lv\/en\/price-list\/\" \/>\n<meta property=\"og:site_name\" content=\"Sandblasting and various surface cleaning, facade, parts, furniture, car cleaning.\" \/>\n<meta property=\"article:publisher\" content=\"https:\/\/facebook.com\/sandblasting.lv\" \/>\n<meta property=\"article:modified_time\" content=\"2024-03-06T13:30:04+00:00\" \/>\n<meta property=\"og:image\" content=\"https:\/\/sandblasting.lv\/wp-content\/uploads\/2021\/03\/WhatsAppImage2020-02-10at12.00.41-1920w.jpeg\" \/>\n\t<meta property=\"og:image:width\" content=\"1200\" \/>\n\t<meta property=\"og:image:height\" content=\"1600\" \/>\n\t<meta property=\"og:image:type\" content=\"image\/jpeg\" \/>\n<meta name=\"twitter:card\" content=\"summary_large_image\" \/>\n<meta name=\"twitter:label1\" content=\"Est. reading time\" \/>\n\t<meta name=\"twitter:data1\" content=\"5 minutes\" \/>\n<script type=\"application\/ld+json\" class=\"yoast-schema-graph\">{\"@context\":\"https:\\\/\\\/schema.org\",\"@graph\":[{\"@type\":\"WebPage\",\"@id\":\"https:\\\/\\\/sandblasting.lv\\\/en\\\/price-list\\\/\",\"url\":\"https:\\\/\\\/sandblasting.lv\\\/en\\\/price-list\\\/\",\"name\":\"PRICE LIST - Sandblasting and various surface cleaning, facade, parts, furniture, car cleaning.\",\"isPartOf\":{\"@id\":\"https:\\\/\\\/sandblasting.lv\\\/en\\\/#website\"},\"primaryImageOfPage\":{\"@id\":\"https:\\\/\\\/sandblasting.lv\\\/en\\\/price-list\\\/#primaryimage\"},\"image\":{\"@id\":\"https:\\\/\\\/sandblasting.lv\\\/en\\\/price-list\\\/#primaryimage\"},\"thumbnailUrl\":\"https:\\\/\\\/sandblasting.lv\\\/wp-content\\\/uploads\\\/2021\\\/03\\\/WhatsAppImage2020-02-10at12.00.41-1920w.jpeg\",\"datePublished\":\"2021-03-21T18:16:26+00:00\",\"dateModified\":\"2024-03-06T13:30:04+00:00\",\"description\":\"Sandblasting prices. How much does it cost to clean the facade, furniture, wooden parts, car, brick walls with sandblasting?\",\"breadcrumb\":{\"@id\":\"https:\\\/\\\/sandblasting.lv\\\/en\\\/price-list\\\/#breadcrumb\"},\"inLanguage\":\"en-US\",\"potentialAction\":[{\"@type\":\"ReadAction\",\"target\":[\"https:\\\/\\\/sandblasting.lv\\\/en\\\/price-list\\\/\"]}]},{\"@type\":\"ImageObject\",\"inLanguage\":\"en-US\",\"@id\":\"https:\\\/\\\/sandblasting.lv\\\/en\\\/price-list\\\/#primaryimage\",\"url\":\"https:\\\/\\\/sandblasting.lv\\\/wp-content\\\/uploads\\\/2021\\\/03\\\/WhatsAppImage2020-02-10at12.00.41-1920w.jpeg\",\"contentUrl\":\"https:\\\/\\\/sandblasting.lv\\\/wp-content\\\/uploads\\\/2021\\\/03\\\/WhatsAppImage2020-02-10at12.00.41-1920w.jpeg\",\"width\":1200,\"height\":1600,\"caption\":\"Sandblasting\"},{\"@type\":\"BreadcrumbList\",\"@id\":\"https:\\\/\\\/sandblasting.lv\\\/en\\\/price-list\\\/#breadcrumb\",\"itemListElement\":[{\"@type\":\"ListItem\",\"position\":1,\"name\":\"Home\",\"item\":\"https:\\\/\\\/sandblasting.lv\\\/en\\\/\"},{\"@type\":\"ListItem\",\"position\":2,\"name\":\"PRICE LIST\"}]},{\"@type\":\"WebSite\",\"@id\":\"https:\\\/\\\/sandblasting.lv\\\/en\\\/#website\",\"url\":\"https:\\\/\\\/sandblasting.lv\\\/en\\\/\",\"name\":\"sandblasting.lv \u2013 smil\u0161u str\u016bkla\",\"description\":\"Sandblasting\",\"publisher\":{\"@id\":\"https:\\\/\\\/sandblasting.lv\\\/en\\\/#organization\"},\"potentialAction\":[{\"@type\":\"SearchAction\",\"target\":{\"@type\":\"EntryPoint\",\"urlTemplate\":\"https:\\\/\\\/sandblasting.lv\\\/en\\\/?s={search_term_string}\"},\"query-input\":{\"@type\":\"PropertyValueSpecification\",\"valueRequired\":true,\"valueName\":\"search_term_string\"}}],\"inLanguage\":\"en-US\"},{\"@type\":\"Organization\",\"@id\":\"https:\\\/\\\/sandblasting.lv\\\/en\\\/#organization\",\"name\":\"SandBlasting\",\"url\":\"https:\\\/\\\/sandblasting.lv\\\/en\\\/\",\"logo\":{\"@type\":\"ImageObject\",\"inLanguage\":\"en-US\",\"@id\":\"https:\\\/\\\/sandblasting.lv\\\/en\\\/#\\\/schema\\\/logo\\\/image\\\/\",\"url\":\"https:\\\/\\\/sandblasting.lv\\\/wp-content\\\/uploads\\\/2021\\\/03\\\/Sandblasting-5-3d546d0f.png\",\"contentUrl\":\"https:\\\/\\\/sandblasting.lv\\\/wp-content\\\/uploads\\\/2021\\\/03\\\/Sandblasting-5-3d546d0f.png\",\"width\":499,\"height\":181,\"caption\":\"SandBlasting\"},\"image\":{\"@id\":\"https:\\\/\\\/sandblasting.lv\\\/en\\\/#\\\/schema\\\/logo\\\/image\\\/\"},\"sameAs\":[\"https:\\\/\\\/facebook.com\\\/sandblasting.lv\",\"https:\\\/\\\/instagram.com\\\/sandblasting.lv\\\/\",\"https:\\\/\\\/www.youtube.com\\\/channel\\\/UCyuUJFtfIUolXlxM7LirhxA\"]}]}<\/script>\n<!-- \/ Yoast SEO plugin. -->","yoast_head_json":{"title":"PRICE LIST - Sandblasting and various surface cleaning, facade, parts, furniture, car cleaning.","description":"Sandblasting prices. How much does it cost to clean the facade, furniture, wooden parts, car, brick walls with sandblasting?","robots":{"index":"index","follow":"follow","max-snippet":"max-snippet:-1","max-image-preview":"max-image-preview:large","max-video-preview":"max-video-preview:-1"},"canonical":"https:\/\/sandblasting.lv\/en\/price-list\/","og_locale":"en_US","og_type":"article","og_title":"PRICE LIST - Sandblasting and various surface cleaning, facade, parts, furniture, car cleaning.","og_description":"Sandblasting prices. How much does it cost to clean the facade, furniture, wooden parts, car, brick walls with sandblasting?","og_url":"https:\/\/sandblasting.lv\/en\/price-list\/","og_site_name":"Sandblasting and various surface cleaning, facade, parts, furniture, car cleaning.","article_publisher":"https:\/\/facebook.com\/sandblasting.lv","article_modified_time":"2024-03-06T13:30:04+00:00","og_image":[{"width":1200,"height":1600,"url":"https:\/\/sandblasting.lv\/wp-content\/uploads\/2021\/03\/WhatsAppImage2020-02-10at12.00.41-1920w.jpeg","type":"image\/jpeg"}],"twitter_card":"summary_large_image","twitter_misc":{"Est. reading time":"5 minutes"},"schema":{"@context":"https:\/\/schema.org","@graph":[{"@type":"WebPage","@id":"https:\/\/sandblasting.lv\/en\/price-list\/","url":"https:\/\/sandblasting.lv\/en\/price-list\/","name":"PRICE LIST - Sandblasting and various surface cleaning, facade, parts, furniture, car cleaning.","isPartOf":{"@id":"https:\/\/sandblasting.lv\/en\/#website"},"primaryImageOfPage":{"@id":"https:\/\/sandblasting.lv\/en\/price-list\/#primaryimage"},"image":{"@id":"https:\/\/sandblasting.lv\/en\/price-list\/#primaryimage"},"thumbnailUrl":"https:\/\/sandblasting.lv\/wp-content\/uploads\/2021\/03\/WhatsAppImage2020-02-10at12.00.41-1920w.jpeg","datePublished":"2021-03-21T18:16:26+00:00","dateModified":"2024-03-06T13:30:04+00:00","description":"Sandblasting prices. How much does it cost to clean the facade, furniture, wooden parts, car, brick walls with sandblasting?","breadcrumb":{"@id":"https:\/\/sandblasting.lv\/en\/price-list\/#breadcrumb"},"inLanguage":"en-US","potentialAction":[{"@type":"ReadAction","target":["https:\/\/sandblasting.lv\/en\/price-list\/"]}]},{"@type":"ImageObject","inLanguage":"en-US","@id":"https:\/\/sandblasting.lv\/en\/price-list\/#primaryimage","url":"https:\/\/sandblasting.lv\/wp-content\/uploads\/2021\/03\/WhatsAppImage2020-02-10at12.00.41-1920w.jpeg","contentUrl":"https:\/\/sandblasting.lv\/wp-content\/uploads\/2021\/03\/WhatsAppImage2020-02-10at12.00.41-1920w.jpeg","width":1200,"height":1600,"caption":"Sandblasting"},{"@type":"BreadcrumbList","@id":"https:\/\/sandblasting.lv\/en\/price-list\/#breadcrumb","itemListElement":[{"@type":"ListItem","position":1,"name":"Home","item":"https:\/\/sandblasting.lv\/en\/"},{"@type":"ListItem","position":2,"name":"PRICE LIST"}]},{"@type":"WebSite","@id":"https:\/\/sandblasting.lv\/en\/#website","url":"https:\/\/sandblasting.lv\/en\/","name":"sandblasting.lv \u2013 smil\u0161u str\u016bkla","description":"Sandblasting","publisher":{"@id":"https:\/\/sandblasting.lv\/en\/#organization"},"potentialAction":[{"@type":"SearchAction","target":{"@type":"EntryPoint","urlTemplate":"https:\/\/sandblasting.lv\/en\/?s={search_term_string}"},"query-input":{"@type":"PropertyValueSpecification","valueRequired":true,"valueName":"search_term_string"}}],"inLanguage":"en-US"},{"@type":"Organization","@id":"https:\/\/sandblasting.lv\/en\/#organization","name":"SandBlasting","url":"https:\/\/sandblasting.lv\/en\/","logo":{"@type":"ImageObject","inLanguage":"en-US","@id":"https:\/\/sandblasting.lv\/en\/#\/schema\/logo\/image\/","url":"https:\/\/sandblasting.lv\/wp-content\/uploads\/2021\/03\/Sandblasting-5-3d546d0f.png","contentUrl":"https:\/\/sandblasting.lv\/wp-content\/uploads\/2021\/03\/Sandblasting-5-3d546d0f.png","width":499,"height":181,"caption":"SandBlasting"},"image":{"@id":"https:\/\/sandblasting.lv\/en\/#\/schema\/logo\/image\/"},"sameAs":["https:\/\/facebook.com\/sandblasting.lv","https:\/\/instagram.com\/sandblasting.lv\/","https:\/\/www.youtube.com\/channel\/UCyuUJFtfIUolXlxM7LirhxA"]}]}},"_links":{"self":[{"href":"https:\/\/sandblasting.lv\/en\/wp-json\/wp\/v2\/pages\/761","targetHints":{"allow":["GET"]}}],"collection":[{"href":"https:\/\/sandblasting.lv\/en\/wp-json\/wp\/v2\/pages"}],"about":[{"href":"https:\/\/sandblasting.lv\/en\/wp-json\/wp\/v2\/types\/page"}],"author":[{"embeddable":true,"href":"https:\/\/sandblasting.lv\/en\/wp-json\/wp\/v2\/users\/1"}],"replies":[{"embeddable":true,"href":"https:\/\/sandblasting.lv\/en\/wp-json\/wp\/v2\/comments?post=761"}],"version-history":[{"count":5,"href":"https:\/\/sandblasting.lv\/en\/wp-json\/wp\/v2\/pages\/761\/revisions"}],"predecessor-version":[{"id":1867,"href":"https:\/\/sandblasting.lv\/en\/wp-json\/wp\/v2\/pages\/761\/revisions\/1867"}],"wp:featuredmedia":[{"embeddable":true,"href":"https:\/\/sandblasting.lv\/en\/wp-json\/wp\/v2\/media\/59"}],"wp:attachment":[{"href":"https:\/\/sandblasting.lv\/en\/wp-json\/wp\/v2\/media?parent=761"}],"curies":[{"name":"wp","href":"https:\/\/api.w.org\/{rel}","templated":true}]}}