{"id":764,"date":"2021-03-21T20:22:18","date_gmt":"2021-03-21T18:22:18","guid":{"rendered":"https:\/\/sand.bumbierkoks.eu\/%d1%86%d0%b5%d0%bd%d1%8b\/"},"modified":"2024-03-06T15:30:04","modified_gmt":"2024-03-06T13:30:04","slug":"%d1%86%d0%b5%d0%bd%d1%8b","status":"publish","type":"page","link":"https:\/\/sandblasting.lv\/ru\/%d1%86%d0%b5%d0%bd%d1%8b\/","title":{"rendered":"\u0426\u0415\u041d\u042b"},"content":{"rendered":"\n<style type=\"text\/css\" data-created_by=\"avia_inline_auto\" id=\"style-css-av-kmj4xd3x-6846d6c915e5deb102bca4cc9d18393a\">\n.avia-section.av-kmj4xd3x-6846d6c915e5deb102bca4cc9d18393a .av-parallax .av-parallax-inner{\nbackground-repeat:no-repeat;\nbackground-image:url(https:\/\/sandblasting.lv\/wp-content\/uploads\/2021\/03\/photo-1533738630286-f1f4a61705f8-2880w.jpg);\nbackground-position:50% 0%;\nbackground-attachment:scroll;\n}\n<\/style>\n<div id='av_section_1'  class='avia-section av-kmj4xd3x-6846d6c915e5deb102bca4cc9d18393a header_color avia-section-default avia-no-border-styling  avia-builder-el-0  el_before_av_textblock  avia-builder-el-first  avia-full-stretch av-parallax-section avia-bg-style-parallax av-minimum-height av-minimum-height-25 av-height-25  container_wrap fullsize'  data-section-bg-repeat='stretch' data-av_minimum_height_pc='25' data-av_min_height_opt='25'><div class='av-parallax' data-avia-parallax-ratio='0.3' ><div class='av-parallax-inner header_color avia-full-stretch'><\/div><\/div><div class='container av-section-cont-open' ><main  role=\"main\" itemprop=\"mainContentOfPage\"  class='template-page content  av-content-full alpha units'><div class='post-entry post-entry-type-page post-entry-764'><div class='entry-content-wrapper clearfix'>\n\n<style type=\"text\/css\" data-created_by=\"avia_inline_auto\" id=\"style-css-av-kmj8na2e-7f0e5405bd37aead83ca5fe284fe3400\">\n#top .av-special-heading.av-kmj8na2e-7f0e5405bd37aead83ca5fe284fe3400{\npadding-bottom:10px;\nfont-size:60px;\n}\nbody .av-special-heading.av-kmj8na2e-7f0e5405bd37aead83ca5fe284fe3400 .av-special-heading-tag .heading-char{\nfont-size:25px;\n}\n#top #wrap_all .av-special-heading.av-kmj8na2e-7f0e5405bd37aead83ca5fe284fe3400 .av-special-heading-tag{\nfont-size:60px;\n}\n.av-special-heading.av-kmj8na2e-7f0e5405bd37aead83ca5fe284fe3400 .av-subheading{\nfont-size:15px;\n}\n\n@media only screen and (min-width: 480px) and (max-width: 767px){ \n#top #wrap_all .av-special-heading.av-kmj8na2e-7f0e5405bd37aead83ca5fe284fe3400 .av-special-heading-tag{\nfont-size:0.8em;\n}\n}\n\n@media only screen and (max-width: 479px){ \n#top #wrap_all .av-special-heading.av-kmj8na2e-7f0e5405bd37aead83ca5fe284fe3400 .av-special-heading-tag{\nfont-size:0.8em;\n}\n}\n<\/style>\n<div  class='av-special-heading av-kmj8na2e-7f0e5405bd37aead83ca5fe284fe3400 av-special-heading-h1 blockquote modern-quote modern-centered  avia-builder-el-1  avia-builder-el-no-sibling  av-inherit-size'><h1 class='av-special-heading-tag '  itemprop=\"headline\"  >Smil\u0161u Str\u016bklas Cenas<\/h1><div class=\"special-heading-border\"><div class=\"special-heading-inner-border\"><\/div><\/div><\/div>\n<\/div><\/div><\/main><!-- close content main element --><\/div><\/div><div id='after_section_1'  class='main_color av_default_container_wrap container_wrap fullsize'  ><div class='container av-section-cont-open' ><div class='template-page content  av-content-full alpha units'><div class='post-entry post-entry-type-page post-entry-764'><div class='entry-content-wrapper clearfix'>\n\n<style type=\"text\/css\" data-created_by=\"avia_inline_auto\" id=\"style-css-av-kmj8qhcm-0755be77e1d9ff743a3471209aa76e23\">\n#top .av_textblock_section.av-kmj8qhcm-0755be77e1d9ff743a3471209aa76e23 .avia_textblock{\nfont-size:16px;\n}\n<\/style>\n<section  class='av_textblock_section av-kmj8qhcm-0755be77e1d9ff743a3471209aa76e23 '   itemscope=\"itemscope\" itemtype=\"https:\/\/schema.org\/CreativeWork\" ><div class='avia_textblock'  itemprop=\"text\" ><div id=\"personal-growth\" class=\"u_personal-growth dmRespRow dmReadySection\" style=\"text-align: center;\" data-anchor=\"personal-growth\">\n<div id=\"1225802348\" class=\"dmRespColsWrapper ListSection\">\n<div id=\"1395133732\" class=\"u_1395133732 dmRespCol small-12 medium-12 large-12\">\n<div><span class=\"lh-1 font-size-18\">V\u0113laties ieg\u016bt s\u012bk\u0101ku inform\u0101ciju? zvaniet mums pa t\u0101lruni <a href=\"tel:+371 22322575\">+371 22322575<\/a> vai rakstiet uz e-pasta adresi <a href=\"mailto:info@sandbalsting.lv\">info@sandblasting.lv<\/a><\/span><\/div>\n<\/div>\n<\/div>\n<\/div>\n<\/div><\/section>\n<div class='avia-data-table-wrap av-gylvz-f404b00d11959f4072a111d8063ce62e avia_responsive_table avia-table-1'><table  class='avia-table avia-data-table avia_pricing_default  avia-builder-el-3  el_after_av_textblock  el_before_av_textblock '  itemscope=\"itemscope\" itemtype=\"https:\/\/schema.org\/Table\" ><tbody><tr class=''><td class=''>\u041f\u043e\u0432\u0435\u0440\u0445\u043d\u043e\u0441\u0442\u044c \u043a\u0438\u0440\u043f\u0438\u0447\u0430:<\/td><td class=''>\u043e\u0442 5,00 \u0435\u0432\u0440\u043e \/ \u043c2<\/td><\/tr><tr class=''><td class=''>\u041f\u043e\u0432\u0435\u0440\u0445\u043d\u043e\u0441\u0442\u044c \u043a\u0430\u043c\u043d\u044f:<\/td><td class=''>\u043e\u0442 5,00 \u0435\u0432\u0440\u043e \/ \u043c2<\/td><\/tr><tr class=''><td class=''>\u0414\u0435\u0440\u0435\u0432\u044f\u043d\u043d\u0430\u044f \u043f\u043e\u0432\u0435\u0440\u0445\u043d\u043e\u0441\u0442\u044c:<\/td><td class=''>\u043e\u0442 4,50 \u0435\u0432\u0440\u043e \/ \u043c2<\/td><\/tr><tr class=''><td class=''>\u041c\u0435\u0442\u0430\u043b\u043b\u0438\u0447\u0435\u0441\u043a\u0438\u0435 \u043f\u043e\u0432\u0435\u0440\u0445\u043d\u043e\u0441\u0442\u0438:<\/td><td class=''> <\/td><\/tr><tr class=''><td class=''>&#8212; \u041a\u043e\u043b\u0435\u0441\u0430 \u0430\u0432\u0442\u043e\u043c\u043e\u0431\u0438\u043b\u0435\u0439 \u0438 \u043c\u043e\u0442\u043e\u0446\u0438\u043a\u043b\u043e\u0432<\/td><td class=''>1,00 \u0435\u0432\u0440\u043e \u0437\u0430 \u043a\u0430\u0436\u0434\u044b\u0439 \u0434\u044e\u0439\u043c \u0434\u0438\u0430\u043c\u0435\u0442\u0440\u0430<\/td><\/tr><tr class=''><td class=''>&#8212; \u041a\u0443\u0437\u043e\u0432 \u0430\u0432\u0442\u043e\u043c\u043e\u0431\u0438\u043b\u044f<\/td><td class=''>\u043e\u0442 500.00 \u0435\u0432\u0440\u043e \u0437\u0430 \u0448\u0442\u0443\u043a\u0443<\/td><\/tr><tr class=''><td class=''>&#8212; \u041b\u044e\u0431\u0430\u044f \u0434\u0440\u0443\u0433\u0430\u044f \u043c\u0435\u0442\u0430\u043b\u043b\u0438\u0447\u0435\u0441\u043a\u0430\u044f \u043f\u043e\u0432\u0435\u0440\u0445\u043d\u043e\u0441\u0442\u044c<\/td><td class=''>40,00 \u0435\u0432\u0440\u043e \u0432 \u0447\u0430\u0441<\/td><\/tr><tr class=''><td class=''>\u041e\u0447\u0438\u0441\u0442\u043a\u0430 \u0431\u043e\u043b\u044c\u0448\u0438\u0445 \u0442\u0440\u0443\u0431 \u0438\u0437\u043d\u0443\u0442\u0440\u0438:<\/td><td class=''>\u043e\u0442 10,00 \u0435\u0432\u0440\u043e \u0437\u0430 \u043c\u0435\u0442\u0440 (\u0432 \u0437\u0430\u0432\u0438\u0441\u0438\u043c\u043e\u0441\u0442\u0438 \u043e\u0442 \u0434\u0438\u0430\u043c\u0435\u0442\u0440\u0430)<\/td><\/tr><tr class=''><td class=''>\u041e\u0447\u0438\u0441\u0442\u043a\u0430 \u0432\u043e\u0434\u043e\u0439 \u043f\u043e\u0434 \u0432\u044b\u0441\u043e\u043a\u0438\u043c \u0434\u0430\u0432\u043b\u0435\u043d\u0438\u0435\u043c:<\/td><td class=''>0,60 &#8212; 3,00 \u0435\u0432\u0440\u043e \/ \u043c2<\/td><\/tr><\/tbody><\/table><\/div>\n<section  class='av_textblock_section av-kmj8qhcm-28-adf7c09c52dfe9c546b4ddefd0b5a1b5 '   itemscope=\"itemscope\" itemtype=\"https:\/\/schema.org\/CreativeWork\" ><div class='avia_textblock'  itemprop=\"text\" ><p>\u0412\u0441\u0435 \u0446\u0435\u043d\u044b \u0443\u043a\u0430\u0437\u0430\u043d\u044b \u0431\u0435\u0437 \u041d\u0414\u0421<\/p>\n<\/div><\/section>\n<div  class='avia-button-wrap av-kmj56dl8-448df6adf70ec7bee145ec39c94bf62b-wrap avia-button-center  avia-builder-el-5  el_after_av_textblock  avia-builder-el-last '><a href='https:\/\/sandblasting.lv\/ru\/%d0%ba%d0%be%d0%bd%d1%82%d0%b0%d0%ba%d1%82%d1%8b\/'  class='avia-button av-kmj56dl8-448df6adf70ec7bee145ec39c94bf62b av-link-btn avia-icon_select-no avia-size-large avia-position-center avia-color-theme-color'   aria-label=\"\u0421\u0432\u044f\u0437\u0430\u0442\u044c\u0441\u044f \u0441 \u043d\u0430\u043c\u0438!\"><span class='avia_iconbox_title' >\u0421\u0432\u044f\u0437\u0430\u0442\u044c\u0441\u044f \u0441 \u043d\u0430\u043c\u0438!<\/span><\/a><\/div>\n","protected":false},"excerpt":{"rendered":"","protected":false},"author":1,"featured_media":60,"parent":0,"menu_order":4,"comment_status":"closed","ping_status":"closed","template":"","meta":{"footnotes":""},"class_list":["post-764","page","type-page","status-publish","has-post-thumbnail","hentry"],"yoast_head":"<!-- This site is optimized with the Yoast SEO plugin v26.7 - https:\/\/yoast.com\/wordpress\/plugins\/seo\/ -->\n<title>\u0426\u0415\u041d\u042b - \u041f\u0435\u0441\u043a\u043e\u0441\u0442\u0440\u0443\u0439\u043d\u0430\u044f \u0438 \u0440\u0430\u0437\u043b\u0438\u0447\u043d\u0430\u044f \u043e\u0447\u0438\u0441\u0442\u043a\u0430 \u043f\u043e\u0432\u0435\u0440\u0445\u043d\u043e\u0441\u0442\u0435\u0439, \u0444\u0430\u0441\u0430\u0434\u043e\u0432, \u0434\u0435\u0442\u0430\u043b\u0435\u0439, \u043c\u0435\u0431\u0435\u043b\u0438, \u0447\u0438\u0441\u0442\u043a\u0430 \u0430\u0432\u0442\u043e\u043c\u043e\u0431\u0438\u043b\u0435\u0439.<\/title>\n<meta name=\"description\" content=\"\u0426\u0435\u043d\u044b \u043d\u0430 \u043f\u0435\u0441\u043a\u043e\u0441\u0442\u0440\u0443\u0439\u043d\u0443\u044e \u043e\u0447\u0438\u0441\u0442\u043a\u0443. \u0421\u043a\u043e\u043b\u044c\u043a\u043e \u0441\u0442\u043e\u0438\u0442 \u043f\u0435\u0441\u043a\u043e\u0441\u0442\u0440\u0443\u0439\u043d\u0430\u044f \u043e\u0447\u0438\u0441\u0442\u043a\u0430 \u0444\u0430\u0441\u0430\u0434\u0430, \u043c\u0435\u0431\u0435\u043b\u0438, \u0434\u0435\u0440\u0435\u0432\u044f\u043d\u043d\u044b\u0445 \u0434\u0435\u0442\u0430\u043b\u0435\u0439, \u0430\u0432\u0442\u043e\u043c\u043e\u0431\u0438\u043b\u044f, \u043a\u0438\u0440\u043f\u0438\u0447\u043d\u044b\u0445 \u0441\u0442\u0435\u043d?\" \/>\n<meta name=\"robots\" content=\"index, follow, max-snippet:-1, max-image-preview:large, max-video-preview:-1\" \/>\n<link rel=\"canonical\" href=\"https:\/\/sandblasting.lv\/ru\/%d1%86%d0%b5%d0%bd%d1%8b\/\" \/>\n<meta property=\"og:locale\" content=\"ru_RU\" \/>\n<meta property=\"og:type\" content=\"article\" \/>\n<meta property=\"og:title\" content=\"\u0426\u0415\u041d\u042b - \u041f\u0435\u0441\u043a\u043e\u0441\u0442\u0440\u0443\u0439\u043d\u0430\u044f \u0438 \u0440\u0430\u0437\u043b\u0438\u0447\u043d\u0430\u044f \u043e\u0447\u0438\u0441\u0442\u043a\u0430 \u043f\u043e\u0432\u0435\u0440\u0445\u043d\u043e\u0441\u0442\u0435\u0439, \u0444\u0430\u0441\u0430\u0434\u043e\u0432, \u0434\u0435\u0442\u0430\u043b\u0435\u0439, \u043c\u0435\u0431\u0435\u043b\u0438, \u0447\u0438\u0441\u0442\u043a\u0430 \u0430\u0432\u0442\u043e\u043c\u043e\u0431\u0438\u043b\u0435\u0439.\" \/>\n<meta property=\"og:description\" content=\"\u0426\u0435\u043d\u044b \u043d\u0430 \u043f\u0435\u0441\u043a\u043e\u0441\u0442\u0440\u0443\u0439\u043d\u0443\u044e \u043e\u0447\u0438\u0441\u0442\u043a\u0443. \u0421\u043a\u043e\u043b\u044c\u043a\u043e \u0441\u0442\u043e\u0438\u0442 \u043f\u0435\u0441\u043a\u043e\u0441\u0442\u0440\u0443\u0439\u043d\u0430\u044f \u043e\u0447\u0438\u0441\u0442\u043a\u0430 \u0444\u0430\u0441\u0430\u0434\u0430, \u043c\u0435\u0431\u0435\u043b\u0438, \u0434\u0435\u0440\u0435\u0432\u044f\u043d\u043d\u044b\u0445 \u0434\u0435\u0442\u0430\u043b\u0435\u0439, \u0430\u0432\u0442\u043e\u043c\u043e\u0431\u0438\u043b\u044f, \u043a\u0438\u0440\u043f\u0438\u0447\u043d\u044b\u0445 \u0441\u0442\u0435\u043d?\" \/>\n<meta property=\"og:url\" content=\"https:\/\/sandblasting.lv\/ru\/%d1%86%d0%b5%d0%bd%d1%8b\/\" \/>\n<meta property=\"og:site_name\" content=\"\u041f\u0435\u0441\u043a\u043e\u0441\u0442\u0440\u0443\u0439\u043d\u0430\u044f \u0438 \u0440\u0430\u0437\u043b\u0438\u0447\u043d\u0430\u044f \u043e\u0447\u0438\u0441\u0442\u043a\u0430 \u043f\u043e\u0432\u0435\u0440\u0445\u043d\u043e\u0441\u0442\u0435\u0439, \u0444\u0430\u0441\u0430\u0434\u043e\u0432, \u0434\u0435\u0442\u0430\u043b\u0435\u0439, \u043c\u0435\u0431\u0435\u043b\u0438, \u0447\u0438\u0441\u0442\u043a\u0430 \u0430\u0432\u0442\u043e\u043c\u043e\u0431\u0438\u043b\u0435\u0439.\" \/>\n<meta property=\"article:publisher\" content=\"https:\/\/facebook.com\/sandblasting.lv\" \/>\n<meta property=\"article:modified_time\" content=\"2024-03-06T13:30:04+00:00\" \/>\n<meta property=\"og:image\" content=\"https:\/\/sandblasting.lv\/wp-content\/uploads\/2021\/03\/WhatsAppImage2020-02-10at12.00.41-1920w.jpeg\" \/>\n\t<meta property=\"og:image:width\" content=\"1200\" \/>\n\t<meta property=\"og:image:height\" content=\"1600\" \/>\n\t<meta property=\"og:image:type\" content=\"image\/jpeg\" \/>\n<meta name=\"twitter:card\" content=\"summary_large_image\" \/>\n<meta name=\"twitter:label1\" content=\"\u041f\u0440\u0438\u043c\u0435\u0440\u043d\u043e\u0435 \u0432\u0440\u0435\u043c\u044f \u0434\u043b\u044f \u0447\u0442\u0435\u043d\u0438\u044f\" \/>\n\t<meta name=\"twitter:data1\" content=\"5 \u043c\u0438\u043d\u0443\u0442\" \/>\n<script type=\"application\/ld+json\" class=\"yoast-schema-graph\">{\"@context\":\"https:\/\/schema.org\",\"@graph\":[{\"@type\":\"WebPage\",\"@id\":\"https:\/\/sandblasting.lv\/ru\/%d1%86%d0%b5%d0%bd%d1%8b\/\",\"url\":\"https:\/\/sandblasting.lv\/ru\/%d1%86%d0%b5%d0%bd%d1%8b\/\",\"name\":\"\u0426\u0415\u041d\u042b - \u041f\u0435\u0441\u043a\u043e\u0441\u0442\u0440\u0443\u0439\u043d\u0430\u044f \u0438 \u0440\u0430\u0437\u043b\u0438\u0447\u043d\u0430\u044f \u043e\u0447\u0438\u0441\u0442\u043a\u0430 \u043f\u043e\u0432\u0435\u0440\u0445\u043d\u043e\u0441\u0442\u0435\u0439, \u0444\u0430\u0441\u0430\u0434\u043e\u0432, \u0434\u0435\u0442\u0430\u043b\u0435\u0439, \u043c\u0435\u0431\u0435\u043b\u0438, \u0447\u0438\u0441\u0442\u043a\u0430 \u0430\u0432\u0442\u043e\u043c\u043e\u0431\u0438\u043b\u0435\u0439.\",\"isPartOf\":{\"@id\":\"https:\/\/sandblasting.lv\/ru\/#website\"},\"primaryImageOfPage\":{\"@id\":\"https:\/\/sandblasting.lv\/ru\/%d1%86%d0%b5%d0%bd%d1%8b\/#primaryimage\"},\"image\":{\"@id\":\"https:\/\/sandblasting.lv\/ru\/%d1%86%d0%b5%d0%bd%d1%8b\/#primaryimage\"},\"thumbnailUrl\":\"https:\/\/sandblasting.lv\/wp-content\/uploads\/2021\/03\/WhatsAppImage2020-02-10at12.00.41-1920w.jpeg\",\"datePublished\":\"2021-03-21T18:22:18+00:00\",\"dateModified\":\"2024-03-06T13:30:04+00:00\",\"description\":\"\u0426\u0435\u043d\u044b \u043d\u0430 \u043f\u0435\u0441\u043a\u043e\u0441\u0442\u0440\u0443\u0439\u043d\u0443\u044e \u043e\u0447\u0438\u0441\u0442\u043a\u0443. \u0421\u043a\u043e\u043b\u044c\u043a\u043e \u0441\u0442\u043e\u0438\u0442 \u043f\u0435\u0441\u043a\u043e\u0441\u0442\u0440\u0443\u0439\u043d\u0430\u044f \u043e\u0447\u0438\u0441\u0442\u043a\u0430 \u0444\u0430\u0441\u0430\u0434\u0430, \u043c\u0435\u0431\u0435\u043b\u0438, \u0434\u0435\u0440\u0435\u0432\u044f\u043d\u043d\u044b\u0445 \u0434\u0435\u0442\u0430\u043b\u0435\u0439, \u0430\u0432\u0442\u043e\u043c\u043e\u0431\u0438\u043b\u044f, \u043a\u0438\u0440\u043f\u0438\u0447\u043d\u044b\u0445 \u0441\u0442\u0435\u043d?\",\"breadcrumb\":{\"@id\":\"https:\/\/sandblasting.lv\/ru\/%d1%86%d0%b5%d0%bd%d1%8b\/#breadcrumb\"},\"inLanguage\":\"ru-RU\",\"potentialAction\":[{\"@type\":\"ReadAction\",\"target\":[\"https:\/\/sandblasting.lv\/ru\/%d1%86%d0%b5%d0%bd%d1%8b\/\"]}]},{\"@type\":\"ImageObject\",\"inLanguage\":\"ru-RU\",\"@id\":\"https:\/\/sandblasting.lv\/ru\/%d1%86%d0%b5%d0%bd%d1%8b\/#primaryimage\",\"url\":\"https:\/\/sandblasting.lv\/wp-content\/uploads\/2021\/03\/WhatsAppImage2020-02-10at12.00.41-1920w.jpeg\",\"contentUrl\":\"https:\/\/sandblasting.lv\/wp-content\/uploads\/2021\/03\/WhatsAppImage2020-02-10at12.00.41-1920w.jpeg\",\"width\":1200,\"height\":1600,\"caption\":\"\u041f\u0435\u0441\u043a\u043e\u0441\u0442\u0440\u0443\u0439\u043d\u044b\u0435\"},{\"@type\":\"BreadcrumbList\",\"@id\":\"https:\/\/sandblasting.lv\/ru\/%d1%86%d0%b5%d0%bd%d1%8b\/#breadcrumb\",\"itemListElement\":[{\"@type\":\"ListItem\",\"position\":1,\"name\":\"Home\",\"item\":\"https:\/\/sandblasting.lv\/ru\/\"},{\"@type\":\"ListItem\",\"position\":2,\"name\":\"\u0426\u0415\u041d\u042b\"}]},{\"@type\":\"WebSite\",\"@id\":\"https:\/\/sandblasting.lv\/ru\/#website\",\"url\":\"https:\/\/sandblasting.lv\/ru\/\",\"name\":\"sandblasting.lv \u2013 smil\u0161u str\u016bkla\",\"description\":\"\u041f\u0435\u0441\u043a\u043e\u0441\u0442\u0440\u0443\u0439\u043d\u044b\u0435\",\"publisher\":{\"@id\":\"https:\/\/sandblasting.lv\/ru\/#organization\"},\"potentialAction\":[{\"@type\":\"SearchAction\",\"target\":{\"@type\":\"EntryPoint\",\"urlTemplate\":\"https:\/\/sandblasting.lv\/ru\/?s={search_term_string}\"},\"query-input\":{\"@type\":\"PropertyValueSpecification\",\"valueRequired\":true,\"valueName\":\"search_term_string\"}}],\"inLanguage\":\"ru-RU\"},{\"@type\":\"Organization\",\"@id\":\"https:\/\/sandblasting.lv\/ru\/#organization\",\"name\":\"SandBlasting\",\"url\":\"https:\/\/sandblasting.lv\/ru\/\",\"logo\":{\"@type\":\"ImageObject\",\"inLanguage\":\"ru-RU\",\"@id\":\"https:\/\/sandblasting.lv\/ru\/#\/schema\/logo\/image\/\",\"url\":\"https:\/\/sandblasting.lv\/wp-content\/uploads\/2021\/03\/Sandblasting-5-3d546d0f.png\",\"contentUrl\":\"https:\/\/sandblasting.lv\/wp-content\/uploads\/2021\/03\/Sandblasting-5-3d546d0f.png\",\"width\":499,\"height\":181,\"caption\":\"SandBlasting\"},\"image\":{\"@id\":\"https:\/\/sandblasting.lv\/ru\/#\/schema\/logo\/image\/\"},\"sameAs\":[\"https:\/\/facebook.com\/sandblasting.lv\",\"https:\/\/instagram.com\/sandblasting.lv\/\",\"https:\/\/www.youtube.com\/channel\/UCyuUJFtfIUolXlxM7LirhxA\"]}]}<\/script>\n<!-- \/ Yoast SEO plugin. -->","yoast_head_json":{"title":"\u0426\u0415\u041d\u042b - \u041f\u0435\u0441\u043a\u043e\u0441\u0442\u0440\u0443\u0439\u043d\u0430\u044f \u0438 \u0440\u0430\u0437\u043b\u0438\u0447\u043d\u0430\u044f \u043e\u0447\u0438\u0441\u0442\u043a\u0430 \u043f\u043e\u0432\u0435\u0440\u0445\u043d\u043e\u0441\u0442\u0435\u0439, \u0444\u0430\u0441\u0430\u0434\u043e\u0432, \u0434\u0435\u0442\u0430\u043b\u0435\u0439, \u043c\u0435\u0431\u0435\u043b\u0438, \u0447\u0438\u0441\u0442\u043a\u0430 \u0430\u0432\u0442\u043e\u043c\u043e\u0431\u0438\u043b\u0435\u0439.","description":"\u0426\u0435\u043d\u044b \u043d\u0430 \u043f\u0435\u0441\u043a\u043e\u0441\u0442\u0440\u0443\u0439\u043d\u0443\u044e \u043e\u0447\u0438\u0441\u0442\u043a\u0443. \u0421\u043a\u043e\u043b\u044c\u043a\u043e \u0441\u0442\u043e\u0438\u0442 \u043f\u0435\u0441\u043a\u043e\u0441\u0442\u0440\u0443\u0439\u043d\u0430\u044f \u043e\u0447\u0438\u0441\u0442\u043a\u0430 \u0444\u0430\u0441\u0430\u0434\u0430, \u043c\u0435\u0431\u0435\u043b\u0438, \u0434\u0435\u0440\u0435\u0432\u044f\u043d\u043d\u044b\u0445 \u0434\u0435\u0442\u0430\u043b\u0435\u0439, \u0430\u0432\u0442\u043e\u043c\u043e\u0431\u0438\u043b\u044f, \u043a\u0438\u0440\u043f\u0438\u0447\u043d\u044b\u0445 \u0441\u0442\u0435\u043d?","robots":{"index":"index","follow":"follow","max-snippet":"max-snippet:-1","max-image-preview":"max-image-preview:large","max-video-preview":"max-video-preview:-1"},"canonical":"https:\/\/sandblasting.lv\/ru\/%d1%86%d0%b5%d0%bd%d1%8b\/","og_locale":"ru_RU","og_type":"article","og_title":"\u0426\u0415\u041d\u042b - \u041f\u0435\u0441\u043a\u043e\u0441\u0442\u0440\u0443\u0439\u043d\u0430\u044f \u0438 \u0440\u0430\u0437\u043b\u0438\u0447\u043d\u0430\u044f \u043e\u0447\u0438\u0441\u0442\u043a\u0430 \u043f\u043e\u0432\u0435\u0440\u0445\u043d\u043e\u0441\u0442\u0435\u0439, \u0444\u0430\u0441\u0430\u0434\u043e\u0432, \u0434\u0435\u0442\u0430\u043b\u0435\u0439, \u043c\u0435\u0431\u0435\u043b\u0438, \u0447\u0438\u0441\u0442\u043a\u0430 \u0430\u0432\u0442\u043e\u043c\u043e\u0431\u0438\u043b\u0435\u0439.","og_description":"\u0426\u0435\u043d\u044b \u043d\u0430 \u043f\u0435\u0441\u043a\u043e\u0441\u0442\u0440\u0443\u0439\u043d\u0443\u044e \u043e\u0447\u0438\u0441\u0442\u043a\u0443. \u0421\u043a\u043e\u043b\u044c\u043a\u043e \u0441\u0442\u043e\u0438\u0442 \u043f\u0435\u0441\u043a\u043e\u0441\u0442\u0440\u0443\u0439\u043d\u0430\u044f \u043e\u0447\u0438\u0441\u0442\u043a\u0430 \u0444\u0430\u0441\u0430\u0434\u0430, \u043c\u0435\u0431\u0435\u043b\u0438, \u0434\u0435\u0440\u0435\u0432\u044f\u043d\u043d\u044b\u0445 \u0434\u0435\u0442\u0430\u043b\u0435\u0439, \u0430\u0432\u0442\u043e\u043c\u043e\u0431\u0438\u043b\u044f, \u043a\u0438\u0440\u043f\u0438\u0447\u043d\u044b\u0445 \u0441\u0442\u0435\u043d?","og_url":"https:\/\/sandblasting.lv\/ru\/%d1%86%d0%b5%d0%bd%d1%8b\/","og_site_name":"\u041f\u0435\u0441\u043a\u043e\u0441\u0442\u0440\u0443\u0439\u043d\u0430\u044f \u0438 \u0440\u0430\u0437\u043b\u0438\u0447\u043d\u0430\u044f \u043e\u0447\u0438\u0441\u0442\u043a\u0430 \u043f\u043e\u0432\u0435\u0440\u0445\u043d\u043e\u0441\u0442\u0435\u0439, \u0444\u0430\u0441\u0430\u0434\u043e\u0432, \u0434\u0435\u0442\u0430\u043b\u0435\u0439, \u043c\u0435\u0431\u0435\u043b\u0438, \u0447\u0438\u0441\u0442\u043a\u0430 \u0430\u0432\u0442\u043e\u043c\u043e\u0431\u0438\u043b\u0435\u0439.","article_publisher":"https:\/\/facebook.com\/sandblasting.lv","article_modified_time":"2024-03-06T13:30:04+00:00","og_image":[{"width":1200,"height":1600,"url":"https:\/\/sandblasting.lv\/wp-content\/uploads\/2021\/03\/WhatsAppImage2020-02-10at12.00.41-1920w.jpeg","type":"image\/jpeg"}],"twitter_card":"summary_large_image","twitter_misc":{"\u041f\u0440\u0438\u043c\u0435\u0440\u043d\u043e\u0435 \u0432\u0440\u0435\u043c\u044f \u0434\u043b\u044f \u0447\u0442\u0435\u043d\u0438\u044f":"5 \u043c\u0438\u043d\u0443\u0442"},"schema":{"@context":"https:\/\/schema.org","@graph":[{"@type":"WebPage","@id":"https:\/\/sandblasting.lv\/ru\/%d1%86%d0%b5%d0%bd%d1%8b\/","url":"https:\/\/sandblasting.lv\/ru\/%d1%86%d0%b5%d0%bd%d1%8b\/","name":"\u0426\u0415\u041d\u042b - \u041f\u0435\u0441\u043a\u043e\u0441\u0442\u0440\u0443\u0439\u043d\u0430\u044f \u0438 \u0440\u0430\u0437\u043b\u0438\u0447\u043d\u0430\u044f \u043e\u0447\u0438\u0441\u0442\u043a\u0430 \u043f\u043e\u0432\u0435\u0440\u0445\u043d\u043e\u0441\u0442\u0435\u0439, \u0444\u0430\u0441\u0430\u0434\u043e\u0432, \u0434\u0435\u0442\u0430\u043b\u0435\u0439, \u043c\u0435\u0431\u0435\u043b\u0438, \u0447\u0438\u0441\u0442\u043a\u0430 \u0430\u0432\u0442\u043e\u043c\u043e\u0431\u0438\u043b\u0435\u0439.","isPartOf":{"@id":"https:\/\/sandblasting.lv\/ru\/#website"},"primaryImageOfPage":{"@id":"https:\/\/sandblasting.lv\/ru\/%d1%86%d0%b5%d0%bd%d1%8b\/#primaryimage"},"image":{"@id":"https:\/\/sandblasting.lv\/ru\/%d1%86%d0%b5%d0%bd%d1%8b\/#primaryimage"},"thumbnailUrl":"https:\/\/sandblasting.lv\/wp-content\/uploads\/2021\/03\/WhatsAppImage2020-02-10at12.00.41-1920w.jpeg","datePublished":"2021-03-21T18:22:18+00:00","dateModified":"2024-03-06T13:30:04+00:00","description":"\u0426\u0435\u043d\u044b \u043d\u0430 \u043f\u0435\u0441\u043a\u043e\u0441\u0442\u0440\u0443\u0439\u043d\u0443\u044e \u043e\u0447\u0438\u0441\u0442\u043a\u0443. \u0421\u043a\u043e\u043b\u044c\u043a\u043e \u0441\u0442\u043e\u0438\u0442 \u043f\u0435\u0441\u043a\u043e\u0441\u0442\u0440\u0443\u0439\u043d\u0430\u044f \u043e\u0447\u0438\u0441\u0442\u043a\u0430 \u0444\u0430\u0441\u0430\u0434\u0430, \u043c\u0435\u0431\u0435\u043b\u0438, \u0434\u0435\u0440\u0435\u0432\u044f\u043d\u043d\u044b\u0445 \u0434\u0435\u0442\u0430\u043b\u0435\u0439, \u0430\u0432\u0442\u043e\u043c\u043e\u0431\u0438\u043b\u044f, \u043a\u0438\u0440\u043f\u0438\u0447\u043d\u044b\u0445 \u0441\u0442\u0435\u043d?","breadcrumb":{"@id":"https:\/\/sandblasting.lv\/ru\/%d1%86%d0%b5%d0%bd%d1%8b\/#breadcrumb"},"inLanguage":"ru-RU","potentialAction":[{"@type":"ReadAction","target":["https:\/\/sandblasting.lv\/ru\/%d1%86%d0%b5%d0%bd%d1%8b\/"]}]},{"@type":"ImageObject","inLanguage":"ru-RU","@id":"https:\/\/sandblasting.lv\/ru\/%d1%86%d0%b5%d0%bd%d1%8b\/#primaryimage","url":"https:\/\/sandblasting.lv\/wp-content\/uploads\/2021\/03\/WhatsAppImage2020-02-10at12.00.41-1920w.jpeg","contentUrl":"https:\/\/sandblasting.lv\/wp-content\/uploads\/2021\/03\/WhatsAppImage2020-02-10at12.00.41-1920w.jpeg","width":1200,"height":1600,"caption":"\u041f\u0435\u0441\u043a\u043e\u0441\u0442\u0440\u0443\u0439\u043d\u044b\u0435"},{"@type":"BreadcrumbList","@id":"https:\/\/sandblasting.lv\/ru\/%d1%86%d0%b5%d0%bd%d1%8b\/#breadcrumb","itemListElement":[{"@type":"ListItem","position":1,"name":"Home","item":"https:\/\/sandblasting.lv\/ru\/"},{"@type":"ListItem","position":2,"name":"\u0426\u0415\u041d\u042b"}]},{"@type":"WebSite","@id":"https:\/\/sandblasting.lv\/ru\/#website","url":"https:\/\/sandblasting.lv\/ru\/","name":"sandblasting.lv \u2013 smil\u0161u str\u016bkla","description":"\u041f\u0435\u0441\u043a\u043e\u0441\u0442\u0440\u0443\u0439\u043d\u044b\u0435","publisher":{"@id":"https:\/\/sandblasting.lv\/ru\/#organization"},"potentialAction":[{"@type":"SearchAction","target":{"@type":"EntryPoint","urlTemplate":"https:\/\/sandblasting.lv\/ru\/?s={search_term_string}"},"query-input":{"@type":"PropertyValueSpecification","valueRequired":true,"valueName":"search_term_string"}}],"inLanguage":"ru-RU"},{"@type":"Organization","@id":"https:\/\/sandblasting.lv\/ru\/#organization","name":"SandBlasting","url":"https:\/\/sandblasting.lv\/ru\/","logo":{"@type":"ImageObject","inLanguage":"ru-RU","@id":"https:\/\/sandblasting.lv\/ru\/#\/schema\/logo\/image\/","url":"https:\/\/sandblasting.lv\/wp-content\/uploads\/2021\/03\/Sandblasting-5-3d546d0f.png","contentUrl":"https:\/\/sandblasting.lv\/wp-content\/uploads\/2021\/03\/Sandblasting-5-3d546d0f.png","width":499,"height":181,"caption":"SandBlasting"},"image":{"@id":"https:\/\/sandblasting.lv\/ru\/#\/schema\/logo\/image\/"},"sameAs":["https:\/\/facebook.com\/sandblasting.lv","https:\/\/instagram.com\/sandblasting.lv\/","https:\/\/www.youtube.com\/channel\/UCyuUJFtfIUolXlxM7LirhxA"]}]}},"_links":{"self":[{"href":"https:\/\/sandblasting.lv\/ru\/wp-json\/wp\/v2\/pages\/764","targetHints":{"allow":["GET"]}}],"collection":[{"href":"https:\/\/sandblasting.lv\/ru\/wp-json\/wp\/v2\/pages"}],"about":[{"href":"https:\/\/sandblasting.lv\/ru\/wp-json\/wp\/v2\/types\/page"}],"author":[{"embeddable":true,"href":"https:\/\/sandblasting.lv\/ru\/wp-json\/wp\/v2\/users\/1"}],"replies":[{"embeddable":true,"href":"https:\/\/sandblasting.lv\/ru\/wp-json\/wp\/v2\/comments?post=764"}],"version-history":[{"count":5,"href":"https:\/\/sandblasting.lv\/ru\/wp-json\/wp\/v2\/pages\/764\/revisions"}],"predecessor-version":[{"id":1868,"href":"https:\/\/sandblasting.lv\/ru\/wp-json\/wp\/v2\/pages\/764\/revisions\/1868"}],"wp:featuredmedia":[{"embeddable":true,"href":"https:\/\/sandblasting.lv\/ru\/wp-json\/wp\/v2\/media\/60"}],"wp:attachment":[{"href":"https:\/\/sandblasting.lv\/ru\/wp-json\/wp\/v2\/media?parent=764"}],"curies":[{"name":"wp","href":"https:\/\/api.w.org\/{rel}","templated":true}]}}